{"id":593,"date":"2019-03-12T12:42:37","date_gmt":"2019-03-12T11:42:37","guid":{"rendered":"http:\/\/ceconsultingbenalmadena.es\/?page_id=593"},"modified":"2024-12-14T18:50:03","modified_gmt":"2024-12-14T17:50:03","slug":"consultoria","status":"publish","type":"page","link":"http:\/\/ceconsultingbenalmadena.es\/?page_id=593","title":{"rendered":"Consultor\u00eda"},"content":{"rendered":"<div class=\"vc_row wpb_row vc_row-fluid\">\n<div class=\"wpb_column vc_column_container vc_col-sm-12\">\n<div class=\"vc_column-inner\">\n<div class=\"wpb_wrapper\">\n<div class=\"wpb_text_column wpb_content_element \">\n<div class=\"wpb_wrapper\">\n<p>CE Consulting Empresarial ofrece, junto a los servicios de asesor\u00eda fiscal, laboral, contable y jur\u00eddica, otros especializados, como los de\u00a0<a href=\"https:\/\/www.ceconsulting.es\/consultoria\/consultoria-internacional\/\"><strong>consultor\u00eda internacional\u00a0<\/strong><\/a>o<a href=\"https:\/\/www.ceconsulting.es\/consultoria\/auditoria-cuentas\/\"><strong>\u00a0CE Audit<\/strong><\/a>.<\/p>\n<p>Nuestro concepto de asesoramiento va mucho m\u00e1s all\u00e1 de facilitar el cumplimiento de obligaciones legales y tributarias. Sabemos que los clientes necesitan tener garant\u00edas de\u00a0<strong>confidencialidad, privacidad y\u00a0<a href=\"https:\/\/www.ceconsulting.es\/proteccion-de-datos\/\">protecci\u00f3n de datos<\/a><\/strong>, as\u00ed como el soporte de\u00a0su asesor con respecto a factores clave en la estrategia de su negocio:<strong>\u00a0<a title=\"Propiedad Industrial\" href=\"https:\/\/www.ceconsulting.es\/propiedad-industrial\/\">patentes<\/a>, transmisi\u00f3n, venta y valoraci\u00f3n de intangibles<\/strong>. Nuestro grupo tambi\u00e9n les ayuda a\u00a0alcanzar\u00a0<strong>alianzas estrat\u00e9gicas con proveedores y partners<\/strong>. Por \u00faltimo, asesoramos sobre aspectos tan importantes como los relativos a\u00a0<strong><a title=\"Valoraci\u00f3n de empresas\" href=\"https:\/\/www.ceconsulting.es\/valoracion-de-empresas\/\">valoraci\u00f3n de empresas,<\/a><\/strong>\u00a0<strong>f\u00f3rmulas de financiaci\u00f3n<\/strong>,\u00a0<strong><a href=\"https:\/\/www.ceconsulting.es\/asesores-tributarios\/\">materia tributaria<\/a>,<\/strong>\u00a0el\u00a0<strong><a title=\"Corporate Finance\" href=\"https:\/\/www.ceconsulting.es\/corporate-finance\/\">capital riesgo<\/a><\/strong>\u00a0y la\u00a0<strong>expansi\u00f3n<\/strong>\u00a0de la compa\u00f1\u00eda (nacional e\u00a0<a title=\"Consultor\u00eda internacional\" href=\"https:\/\/www.ceconsulting.es\/consultoria\/consultoria-internacional\/\">internacional<\/a>).<\/p>\n<\/div>\n<\/div>\n<\/div>\n<\/div>\n<\/div>\n<\/div>\n<div class=\"vc_row wpb_row vc_row-fluid\">\n<div class=\"wpb_column vc_column_container vc_col-sm-3\">\n<div class=\"vc_column-inner\">\n<div class=\"wpb_wrapper\">\n<div class=\"wpb_single_image wpb_content_element vc_align_center\">\n<figure class=\"wpb_wrapper vc_figure\"><a href=\"https:\/\/ceconsultingbenalmadena.es\/?page_id=907\"><img loading=\"lazy\" decoding=\"async\" class=\"alignleft wp-image-733 size-full\" src=\"http:\/\/ceconsultingbenalmadena.es\/wp-content\/uploads\/2024\/10\/rechum.png\" alt=\"\" width=\"150\" height=\"120\" \/><\/a><strong style=\"font-size: 22px; font-weight: bold;\"><span style=\"color: #007700;\">Recursos Humanos Integrales<\/span><\/strong><\/figure>\n<figure class=\"wpb_wrapper vc_figure\">Selecci\u00f3n de\u00a0<strong>personal<\/strong>.\u00a0<strong>Consultor\u00eda<\/strong>\u00a0de recursos humanos. Estudio, dise\u00f1o e implantaci\u00f3n de\u00a0<strong>pol\u00edticas retributivas<\/strong>.\u00a0<strong>Head hunting<\/strong>. Programas de\u00a0<strong>outplacement<\/strong>.<\/figure>\n<p style=\"text-align: center;\"><span style=\"color: #257837;\">\u25a0<\/span><\/p>\n<\/div>\n<\/div>\n<\/div>\n<\/div>\n<\/div>\n<div class=\"vc_row wpb_row vc_row-fluid\">\n<div class=\"wpb_column vc_column_container vc_col-sm-3\">\n<div class=\"vc_column-inner\">\n<div class=\"wpb_wrapper\">\n<div class=\"wpb_single_image wpb_content_element vc_align_center\">\n<figure class=\"wpb_wrapper vc_figure\"><a href=\"https:\/\/ceconsultingbenalmadena.es\/?page_id=893\"><img loading=\"lazy\" decoding=\"async\" class=\"alignleft wp-image-729 size-full\" src=\"http:\/\/ceconsultingbenalmadena.es\/wp-content\/uploads\/2024\/10\/audito.png\" alt=\"\" width=\"120\" height=\"120\" \/><\/a><span style=\"color: #007700;\"><strong style=\"font-size: 22px; font-weight: bold;\">Auditor\u00eda<\/strong><\/span><\/figure>\n<figure class=\"wpb_wrapper vc_figure\">Servicios de asesor\u00eda y auditor\u00eda de cuentas anuales y otros estados financieros o documentos contables. Trabajos de auditor\u00eda sobre cuentas anuales u otros estados financieros o documentos contables de entidades que forman parte del sector p\u00fablico.<\/figure>\n<p style=\"text-align: center;\"><span style=\"color: #257837;\">\u25a0<\/span><\/p>\n<\/div>\n<\/div>\n<\/div>\n<\/div>\n<\/div>\n<div class=\"vc_row wpb_row vc_row-fluid\">\n<div class=\"wpb_column vc_column_container vc_col-sm-3\">\n<div class=\"vc_column-inner\">\n<div class=\"wpb_wrapper\">\n<div class=\"wpb_single_image wpb_content_element vc_align_center\">\n<figure class=\"wpb_wrapper vc_figure\"><a href=\"https:\/\/ceconsultingbenalmadena.es\/?page_id=891\"><img loading=\"lazy\" decoding=\"async\" class=\"alignleft wp-image-731 size-full\" src=\"http:\/\/ceconsultingbenalmadena.es\/wp-content\/uploads\/2024\/10\/corfin.png\" alt=\"\" width=\"120\" height=\"120\" \/><\/a><span style=\"color: #007700;\"><strong style=\"font-size: 22px; font-weight: bold;\">Corporate Finance<\/strong><\/span><\/figure>\n<figure class=\"wpb_wrapper vc_figure\">Nuestra\u00a0<strong>consultor\u00eda corporate finance<\/strong>\u00a0pone a disposici\u00f3n del cliente servicios de consultor\u00eda y asesoramiento en operaciones corporativas, como compra y venta de empresas, respaldados por profesionales con un\u00a0<strong>s\u00f3lido conocimiento sectorial<\/strong>.<\/figure>\n<p style=\"text-align: center;\"><span style=\"color: #257837;\">\u25a0<\/span><\/p>\n<\/div>\n<\/div>\n<\/div>\n<\/div>\n<\/div>\n<div class=\"vc_row wpb_row vc_row-fluid\">\n<div class=\"wpb_column vc_column_container vc_col-sm-3\">\n<div class=\"vc_column-inner\">\n<div class=\"wpb_wrapper\">\n<div class=\"wpb_single_image wpb_content_element vc_align_center\">\n<figure class=\"wpb_wrapper vc_figure\"><a href=\"https:\/\/ceconsultingbenalmadena.es\/?page_id=896\"><img loading=\"lazy\" decoding=\"async\" class=\"alignleft wp-image-730 size-full\" src=\"http:\/\/ceconsultingbenalmadena.es\/wp-content\/uploads\/2024\/10\/coninter.png\" alt=\"\" width=\"120\" height=\"120\" \/><\/a><span style=\"color: #007700;\"><strong style=\"font-size: 22px;\">Consultor\u00eda internacional<\/strong><\/span><\/figure>\n<figure class=\"wpb_wrapper vc_figure\">\u00bfQuieres implantarte comercialmente en el exterior? Ofrecemos servicios de asesor\u00eda y consultor\u00eda para ayudar a los clientes en todas las\u00a0etapas de su proceso de internacionalizaci\u00f3n.<\/figure>\n<p style=\"text-align: center;\"><span style=\"color: #257837;\">\u25a0<\/span><\/p>\n<\/div>\n<\/div>\n<\/div>\n<\/div>\n<\/div>\n<div class=\"vc_row wpb_row vc_row-fluid\">\n<div class=\"wpb_column vc_column_container vc_col-sm-3\">\n<div class=\"vc_column-inner\">\n<div class=\"wpb_wrapper\">\n<div class=\"wpb_single_image wpb_content_element vc_align_center\">\n<figure class=\"wpb_wrapper vc_figure\"><a href=\"https:\/\/ceconsultingbenalmadena.es\/?page_id=923\"><img loading=\"lazy\" decoding=\"async\" class=\"alignleft wp-image-728 size-full\" src=\"http:\/\/ceconsultingbenalmadena.es\/wp-content\/uploads\/2024\/10\/abogados.png\" alt=\"\" width=\"120\" height=\"120\" \/><\/a><span style=\"color: #007700;\"><strong style=\"font-size: 22px;\">Despacho de Abogados<\/strong><\/span><\/figure>\n<figure class=\"wpb_wrapper vc_figure\">Cuenta con una estructura de\u00a0<strong>Despachos de Abogados<\/strong>\u00a0compuesta por\u00a0<strong>Abogados de Empresa<\/strong>\u00a0y<strong>\u00a0Abogados Especialistas<\/strong>\u00a0que combinan el conocimiento jur\u00eddico tradicional y generalista (civil, mercantil, fiscal, laboral, administrativo y penal) con la especializaci\u00f3n\u00a0<strong>por materias requerida en cada caso<\/strong>\u00a0\u00a0(aguas y medioambiente, bancario y financiero, concursal, fusiones y adquisiciones, prevenci\u00f3n de blanqueo de capitales, propiedad intelectual e industrial, protecci\u00f3n de datos y tributario).<\/figure>\n<p style=\"text-align: center;\"><span style=\"color: #257837;\">\u25a0<\/span><\/p>\n<\/div>\n<\/div>\n<\/div>\n<\/div>\n<\/div>\n<div class=\"vc_row wpb_row vc_row-fluid\">\n<div class=\"wpb_column vc_column_container vc_col-sm-3\">\n<div class=\"vc_column-inner\">\n<div class=\"wpb_wrapper\">\n<div class=\"wpb_single_image wpb_content_element vc_align_center\">\n<figure class=\"wpb_wrapper vc_figure\"><a href=\"https:\/\/ceconsultingbenalmadena.es\/?page_id=912\"><img loading=\"lazy\" decoding=\"async\" class=\"alignleft wp-image-732 size-full\" src=\"http:\/\/ceconsultingbenalmadena.es\/wp-content\/uploads\/2024\/10\/marketing.png\" alt=\"\" width=\"120\" height=\"120\" \/><\/a><span style=\"color: #007700;\"><strong style=\"font-size: 22px;\">Marketing online y dise\u00f1o<\/strong><\/span><\/figure>\n<figure class=\"wpb_wrapper vc_figure\">Trabajaremos contigo para\u00a0<b>incrementar la visibilidad y hacer comercialmente atractiva tu empresa\u00a0<\/b>a trav\u00e9s del\u00a0<strong>marketing online<\/strong>, el\u00a0<strong>dise\u00f1o gr\u00e1fico, haciendo tu web m\u00e1s comercial e interactiva<\/strong>, el\u00a0<strong>posicionamiento<\/strong><b>\u00a0<\/b><b>SEO o SEM,<\/b>\u00a0el copywriting (\u00a1una buena redacci\u00f3n publicitaria y comercial es b\u00e1sica!),\u00a0<strong>redes sociales<\/strong>,\u00a0<strong>publicidad audiovisual<\/strong>\u00a0y la\u00a0<strong>estrategia para coordinar todo<\/strong>. Ah, y si quieres\u00a0<strong>creatividad<\/strong>, \u00a1tenemos para dar y regalar!<\/figure>\n<\/div>\n<\/div>\n<\/div>\n<\/div>\n<div class=\"wpb_column vc_column_container vc_col-sm-9\">\n<div class=\"vc_column-inner\">\n<div class=\"wpb_wrapper\">\n<div class=\"wpb_text_column wpb_content_element \">\n<div class=\"wpb_wrapper\">\n<p style=\"text-align: center;\"><span style=\"color: #257837;\">\u25a0<\/span><\/p>\n<\/div>\n<\/div>\n<\/div>\n<\/div>\n<\/div>\n<\/div>\n<div class=\"vc_row wpb_row vc_row-fluid vc_custom_1497518221292\">\n<div class=\"wpb_column vc_column_container vc_col-sm-12\">\n<div class=\"vc_column-inner\">\n<div class=\"wpb_wrapper\">\n<div class=\"wpb_text_column wpb_content_element \">\n<div class=\"wpb_wrapper\">\n<h3><strong><span style=\"color: #007700;\">Otros servicios<\/span>\u00a0<\/strong>de asesor\u00eda y consultor\u00eda de empresas<\/h3>\n<div class=\"wpb_text_column wpb_content_element \">\n<div class=\"wpb_wrapper\">\n<p>Desde CE Consulting Empresarial queremos ofrecerte un servicio 360\u00ba como complemento al asesoramiento legal y de consultor\u00eda a tu empresa, con el fin de ayudarte en su desarrollo mediante la implantaci\u00f3n de servicios y productos que la hagan m\u00e1s competitiva. Todo ello a trav\u00e9s de propuestas basadas en el\u00a0<strong>desarrollo, ahorro, digitalizaci\u00f3n y cumplimiento de la normativa legal entre otros<\/strong>.<\/p>\n<p>Contamos con los mejores partners combinando de forma eficiente\u00a0<strong>alta calidad a precios competitivos en servicios como\u00a0<\/strong>implantaci\u00f3n de\u00a0<strong>sistema de calidad, s<\/strong><strong>eguros, p<\/strong><strong>revenci\u00f3n de riesgos laborales<\/strong>,\u00a0<strong>servicios financieros,\u00a0<\/strong><strong>renting<\/strong>\u00a0de veh\u00edculos,\u00a0<strong>subvenciones,\u00a0<\/strong>consultor\u00eda y auditor\u00eda en<strong>\u00a0protecci\u00f3n de datos o executive support\u00a0<\/strong>entre otros.<\/p>\n<\/div>\n<\/div>\n<\/div>\n<\/div>\n<\/div>\n<\/div>\n<\/div>\n<\/div>\n","protected":false},"excerpt":{"rendered":"<p>CE Consulting Empresarial ofrece, junto a los servicios de asesor\u00eda fiscal, laboral, contable y jur\u00eddica, otros especializados, como los de\u00a0consultor\u00eda internacional\u00a0o\u00a0CE Audit. Nuestro concepto de asesoramiento va mucho m\u00e1s all\u00e1 de facilitar el cumplimiento de obligaciones legales y tributarias. Sabemos que los clientes necesitan tener garant\u00edas de\u00a0confidencialidad, privacidad y\u00a0protecci\u00f3n de datos, as\u00ed como el soporte &hellip; <a href=\"http:\/\/ceconsultingbenalmadena.es\/?page_id=593\" class=\"more-link\">Seguir leyendo <span class=\"screen-reader-text\">Consultor\u00eda<\/span> <span class=\"meta-nav\">&rarr;<\/span><\/a><\/p>\n","protected":false},"author":1,"featured_media":0,"parent":0,"menu_order":0,"comment_status":"closed","ping_status":"closed","template":"","meta":{"footnotes":""},"class_list":["post-593","page","type-page","status-publish","hentry"],"_links":{"self":[{"href":"http:\/\/ceconsultingbenalmadena.es\/index.php?rest_route=\/wp\/v2\/pages\/593","targetHints":{"allow":["GET"]}}],"collection":[{"href":"http:\/\/ceconsultingbenalmadena.es\/index.php?rest_route=\/wp\/v2\/pages"}],"about":[{"href":"http:\/\/ceconsultingbenalmadena.es\/index.php?rest_route=\/wp\/v2\/types\/page"}],"author":[{"embeddable":true,"href":"http:\/\/ceconsultingbenalmadena.es\/index.php?rest_route=\/wp\/v2\/users\/1"}],"replies":[{"embeddable":true,"href":"http:\/\/ceconsultingbenalmadena.es\/index.php?rest_route=%2Fwp%2Fv2%2Fcomments&post=593"}],"version-history":[{"count":9,"href":"http:\/\/ceconsultingbenalmadena.es\/index.php?rest_route=\/wp\/v2\/pages\/593\/revisions"}],"predecessor-version":[{"id":925,"href":"http:\/\/ceconsultingbenalmadena.es\/index.php?rest_route=\/wp\/v2\/pages\/593\/revisions\/925"}],"wp:attachment":[{"href":"http:\/\/ceconsultingbenalmadena.es\/index.php?rest_route=%2Fwp%2Fv2%2Fmedia&parent=593"}],"curies":[{"name":"wp","href":"https:\/\/api.w.org\/{rel}","templated":true}]}}