{"id":601,"date":"2019-03-12T12:54:24","date_gmt":"2019-03-12T11:54:24","guid":{"rendered":"http:\/\/ceconsultingbenalmadena.es\/?page_id=601"},"modified":"2024-10-18T20:24:13","modified_gmt":"2024-10-18T18:24:13","slug":"legal","status":"publish","type":"page","link":"http:\/\/ceconsultingbenalmadena.es\/?page_id=601","title":{"rendered":"Legal"},"content":{"rendered":"<div class=\"wpb_text_column wpb_content_element \">\n<div class=\"wpb_wrapper\">\n<h1><\/h1>\n<\/div>\n<\/div>\n<div class=\"wpb_text_column wpb_content_element \">\n<div class=\"wpb_wrapper\">\n<h4 align=\"left\"><strong><img loading=\"lazy\" decoding=\"async\" class=\"alignleft wp-image-715 size-full\" src=\"http:\/\/ceconsultingbenalmadena.es\/wp-content\/uploads\/2024\/10\/afiscal.png\" alt=\"\" width=\"120\" height=\"120\" \/>Protecci\u00f3n de Datos:<\/strong><\/h4>\n<p>Evita problemas legales: adapta tu empresa a la normativa de protecci\u00f3n de datos.<\/p>\n<h4 align=\"left\"><strong>Prevenci\u00f3n de riesgos laborales:<\/strong><\/h4>\n<p>Promueve la seguridad y salud de tus trabajos mediante la identificaci\u00f3n, evaluaci\u00f3n y control de los peligros y riesgos asociados a tu entorno laboral. \u00a1Por una empresa segura!<\/p>\n<h4 align=\"left\"><strong>Compliance:<\/strong><\/h4>\n<p>Evita las consecuencias penales del administrador frente a las acciones de tus trabajadores con un informe de riesgos de fraude, seguridad, control de amenazas para el correcto cumplimiento normativo y legal.<\/p>\n<h4 align=\"left\"><strong>Seguros:<\/strong><\/h4>\n<p>El mejor asesoramiento en coberturas, siniestros y primas para ti y tu negocio.<\/p>\n<h4><strong>Prevenci\u00f3n de blanqueo de capitales:<\/strong><\/h4>\n<p>Implanta las medidas y controles exigidos por la normativa vigente de forma f\u00e1cil y efectiva.<\/p>\n<h4><strong>Servicio electr\u00f3nico de recobros de impagados:<\/strong><\/h4>\n<p>Recupera tus deudas de forma \u00e1gil y sencilla a trav\u00e9s de una plataforma digital.<\/p>\n<\/div>\n<\/div>\n","protected":false},"excerpt":{"rendered":"<p>Protecci\u00f3n de Datos: Evita problemas legales: adapta tu empresa a la normativa de protecci\u00f3n de datos. Prevenci\u00f3n de riesgos laborales: Promueve la seguridad y salud de tus trabajos mediante la identificaci\u00f3n, evaluaci\u00f3n y control de los peligros y riesgos asociados a tu entorno laboral. \u00a1Por una empresa segura! Compliance: Evita las consecuencias penales del administrador &hellip; <a href=\"http:\/\/ceconsultingbenalmadena.es\/?page_id=601\" class=\"more-link\">Seguir leyendo <span class=\"screen-reader-text\">Legal<\/span> <span class=\"meta-nav\">&rarr;<\/span><\/a><\/p>\n","protected":false},"author":1,"featured_media":0,"parent":0,"menu_order":0,"comment_status":"closed","ping_status":"closed","template":"","meta":{"footnotes":""},"class_list":["post-601","page","type-page","status-publish","hentry"],"_links":{"self":[{"href":"http:\/\/ceconsultingbenalmadena.es\/index.php?rest_route=\/wp\/v2\/pages\/601","targetHints":{"allow":["GET"]}}],"collection":[{"href":"http:\/\/ceconsultingbenalmadena.es\/index.php?rest_route=\/wp\/v2\/pages"}],"about":[{"href":"http:\/\/ceconsultingbenalmadena.es\/index.php?rest_route=\/wp\/v2\/types\/page"}],"author":[{"embeddable":true,"href":"http:\/\/ceconsultingbenalmadena.es\/index.php?rest_route=\/wp\/v2\/users\/1"}],"replies":[{"embeddable":true,"href":"http:\/\/ceconsultingbenalmadena.es\/index.php?rest_route=%2Fwp%2Fv2%2Fcomments&post=601"}],"version-history":[{"count":7,"href":"http:\/\/ceconsultingbenalmadena.es\/index.php?rest_route=\/wp\/v2\/pages\/601\/revisions"}],"predecessor-version":[{"id":751,"href":"http:\/\/ceconsultingbenalmadena.es\/index.php?rest_route=\/wp\/v2\/pages\/601\/revisions\/751"}],"wp:attachment":[{"href":"http:\/\/ceconsultingbenalmadena.es\/index.php?rest_route=%2Fwp%2Fv2%2Fmedia&parent=601"}],"curies":[{"name":"wp","href":"https:\/\/api.w.org\/{rel}","templated":true}]}}