{"id":604,"date":"2019-03-12T13:04:47","date_gmt":"2019-03-12T12:04:47","guid":{"rendered":"http:\/\/ceconsultingbenalmadena.es\/?page_id=604"},"modified":"2024-10-18T20:35:38","modified_gmt":"2024-10-18T18:35:38","slug":"tecnologia","status":"publish","type":"page","link":"http:\/\/ceconsultingbenalmadena.es\/?page_id=604","title":{"rendered":"Tecnolog\u00eda"},"content":{"rendered":"<div class=\"wpb_text_column wpb_content_element \">\n<h4 class=\"wpb_wrapper\"><strong><img loading=\"lazy\" decoding=\"async\" class=\"alignleft wp-image-746 size-full\" src=\"http:\/\/ceconsultingbenalmadena.es\/wp-content\/uploads\/2024\/10\/tecnologia.png\" alt=\"\" width=\"120\" height=\"120\" \/>Ciberseguridad:<\/strong><\/h4>\n<p class=\"wpb_wrapper\">\u00a1Blinda tus datos en internet! Herramientas para proteger los activos de tu organizaci\u00f3n y los usuarios en el ciberentorno.<\/p>\n<\/div>\n<div class=\"wpb_text_column wpb_content_element \">\n<div class=\"wpb_wrapper\">\n<h4 align=\"left\"><strong>Soluciones tecnol\u00f3gicas:<\/strong><\/h4>\n<p>Alcanza la mayor eficiencia para tu empresa a trav\u00e9s de multitud de soluciones. Impulsamos el desarrollo de las empresas mejorando el aprovechamiento de sus recursos inform\u00e1ticos y las nuevas tecnolog\u00edas para hacerlas m\u00e1s competitivas.<\/p>\n<h4 align=\"left\"><strong>Gesti\u00f3n documental:<\/strong><\/h4>\n<p>Ordena en tu empresa con herramientas y m\u00e9todos para gestionar, almacenar, y difundir contenidos y documentos relacionados con tus procesos organizativos.<\/p>\n<h4 align=\"left\"><strong>Cloud:<\/strong><\/h4>\n<p>Servicio de almacenamiento en la nube, olvida discos duros. Disponible 24h desde cualquier ubicaci\u00f3n y dispositivo.<\/p>\n<h4 align=\"left\"><strong>Software de gesti\u00f3n:<\/strong><\/h4>\n<p>Herramientas para gestionar el negocio, procesos, bienes y Recursos Humanos entre otros, a tu disposici\u00f3n.<\/p>\n<h4 align=\"left\"><strong>Automatizaci\u00f3n contable:<\/strong><\/h4>\n<p>Agiliza el proceso de contabilidad de tu empresa. Reduce el trabajo administrativo.<\/p>\n<\/div>\n<\/div>\n","protected":false},"excerpt":{"rendered":"<p>Ciberseguridad: \u00a1Blinda tus datos en internet! Herramientas para proteger los activos de tu organizaci\u00f3n y los usuarios en el ciberentorno. Soluciones tecnol\u00f3gicas: Alcanza la mayor eficiencia para tu empresa a trav\u00e9s de multitud de soluciones. Impulsamos el desarrollo de las empresas mejorando el aprovechamiento de sus recursos inform\u00e1ticos y las nuevas tecnolog\u00edas para hacerlas m\u00e1s &hellip; <a href=\"http:\/\/ceconsultingbenalmadena.es\/?page_id=604\" class=\"more-link\">Seguir leyendo <span class=\"screen-reader-text\">Tecnolog\u00eda<\/span> <span class=\"meta-nav\">&rarr;<\/span><\/a><\/p>\n","protected":false},"author":1,"featured_media":0,"parent":0,"menu_order":0,"comment_status":"closed","ping_status":"closed","template":"","meta":{"footnotes":""},"class_list":["post-604","page","type-page","status-publish","hentry"],"_links":{"self":[{"href":"http:\/\/ceconsultingbenalmadena.es\/index.php?rest_route=\/wp\/v2\/pages\/604","targetHints":{"allow":["GET"]}}],"collection":[{"href":"http:\/\/ceconsultingbenalmadena.es\/index.php?rest_route=\/wp\/v2\/pages"}],"about":[{"href":"http:\/\/ceconsultingbenalmadena.es\/index.php?rest_route=\/wp\/v2\/types\/page"}],"author":[{"embeddable":true,"href":"http:\/\/ceconsultingbenalmadena.es\/index.php?rest_route=\/wp\/v2\/users\/1"}],"replies":[{"embeddable":true,"href":"http:\/\/ceconsultingbenalmadena.es\/index.php?rest_route=%2Fwp%2Fv2%2Fcomments&post=604"}],"version-history":[{"count":11,"href":"http:\/\/ceconsultingbenalmadena.es\/index.php?rest_route=\/wp\/v2\/pages\/604\/revisions"}],"predecessor-version":[{"id":758,"href":"http:\/\/ceconsultingbenalmadena.es\/index.php?rest_route=\/wp\/v2\/pages\/604\/revisions\/758"}],"wp:attachment":[{"href":"http:\/\/ceconsultingbenalmadena.es\/index.php?rest_route=%2Fwp%2Fv2%2Fmedia&parent=604"}],"curies":[{"name":"wp","href":"https:\/\/api.w.org\/{rel}","templated":true}]}}