{"id":896,"date":"2024-12-14T12:11:49","date_gmt":"2024-12-14T11:11:49","guid":{"rendered":"https:\/\/ceconsultingbenalmadena.es\/?page_id=896"},"modified":"2024-12-14T12:19:38","modified_gmt":"2024-12-14T11:19:38","slug":"consultoria-internacional","status":"publish","type":"page","link":"http:\/\/ceconsultingbenalmadena.es\/?page_id=896","title":{"rendered":"CONSULTOR\u00cdA INTERNACIONAL"},"content":{"rendered":"\n<h2 class=\"wp-block-heading has-green-color has-text-color has-link-color wp-elements-21246e01498d3d7f563a8b435cb336b4\">Soluciones de \u00e9xito para la internacionalizaci\u00f3n de tu empresa<\/h2>\n\n\n<div class=\"wp-block-image\">\n<figure class=\"alignleft size-full\"><a href=\"http:\/\/ceconsultingbenalmadena.es\/wp-content\/uploads\/2024\/10\/coninter.png\"><img loading=\"lazy\" decoding=\"async\" width=\"120\" height=\"120\" src=\"http:\/\/ceconsultingbenalmadena.es\/wp-content\/uploads\/2024\/10\/coninter.png\" alt=\"\" class=\"wp-image-730\"\/><\/a><\/figure><\/div>\n\n\n<p>En CE Consulting Empresarial ayudamos a tu empresa a reducir el nivel de incertidumbre y minimizar riesgos en su proceso de internacionalizaci\u00f3n, tanto a la hora de introducir sus productos o servicios en nuevos mercados (apoyo a la actividad exportadora) como en los procesos de implantaci\u00f3n en nuevos pa\u00edses.<\/p>\n\n\n\n<h2 class=\"wp-block-heading has-green-color has-text-color has-link-color wp-elements-8d043ea9ac8bead4ad372c25c0fd6929\">Avance, crecimiento y triunfo para tu empresa<\/h2>\n\n\n\n<p><strong>Elaboramos<\/strong>,&nbsp;<strong>desarrollamos<\/strong>&nbsp;y&nbsp;<strong>ejecutamos de forma integral el Plan de Internacionalizaci\u00f3n y Comercio Exterior<\/strong>&nbsp;que necesita tu negocio. Nos adaptamos al 100% a la particularidades y situaci\u00f3n de tu proyecto,&nbsp;<strong>ayud\u00e1ndote en cualquiera de las fases del proceso<\/strong>&nbsp;o bien&nbsp;<strong>llevando a cabo el plan de forma integral desde el inicio<\/strong>.<\/p>\n\n\n\n<h2 class=\"wp-block-heading has-green-color has-text-color has-link-color wp-elements-e9e2eeff3472f125f8e170b1b195f0c3\">Consultor\u00eda Internacional<\/h2>\n\n\n\n<h4 class=\"wp-block-heading has-green-color has-text-color has-link-color wp-elements-2027cf79d52227488a8415d92996e538\">Plan de Internacionalizaci\u00f3n<\/h4>\n\n\n\n<h5 class=\"wp-block-heading has-green-color has-text-color has-link-color wp-elements-e9763d428fa40f69f0b101bf0cb32ea1\">1. Introducci\u00f3n a la internacionalizaci\u00f3n<\/h5>\n\n\n\n<ul class=\"wp-block-list\">\n<li>Formaci\u00f3n e introducci\u00f3n a la Internacionalizaci\u00f3n a trav\u00e9s de webinars y ponencias formativas durante todo el Proceso de Internacionalizaci\u00f3n<\/li>\n\n\n\n<li>Gesti\u00f3n de la solicitud de financiaci\u00f3n y subvenciones a organismos p\u00fablicos<\/li>\n<\/ul>\n\n\n\n<h5 class=\"wp-block-heading has-green-color has-text-color has-link-color wp-elements-600dde89b537b3f91045e37fbd4ff9a9\">2. An\u00e1lisis de la situaci\u00f3n de la empresa<\/h5>\n\n\n\n<ul class=\"wp-block-list\">\n<li>Diagn\u00f3stico de Internacionalizaci\u00f3n<\/li>\n\n\n\n<li>An\u00e1lisis de la Empresa y producto<\/li>\n\n\n\n<li>An\u00e1lisis de Competidores<\/li>\n<\/ul>\n\n\n\n<h5 class=\"wp-block-heading has-green-color has-text-color has-link-color wp-elements-2a158783ce346cb59c23f04c44b0c1ad\">3. Selecci\u00f3n de Pa\u00edses Objetivos<\/h5>\n\n\n\n<ul class=\"wp-block-list\">\n<li>Preselecci\u00f3n de mercados<\/li>\n\n\n\n<li>Estudio de mercado por producto \/ pa\u00eds<\/li>\n<\/ul>\n\n\n\n<h5 class=\"wp-block-heading has-green-color has-text-color has-link-color wp-elements-0620270d4aef26efa18cb9ca24838cdd\">4. Estrategia inicial de entrada en los mercados internacionales<\/h5>\n\n\n\n<ul class=\"wp-block-list\">\n<li>Elecci\u00f3n de la forma de entrada<\/li>\n\n\n\n<li>Identificaci\u00f3n y selecci\u00f3n de potenciales clientes (Agentes, Distribuidores, Socios)<\/li>\n\n\n\n<li>Condiciones de negociaci\u00f3n y contrataci\u00f3n<\/li>\n<\/ul>\n\n\n\n<h5 class=\"wp-block-heading has-green-color has-text-color has-link-color wp-elements-3bf3842544f503854512cc7775c49db9\">5. Selecci\u00f3n de personal<\/h5>\n\n\n\n<ul class=\"wp-block-list\">\n<li>Selecci\u00f3n de personal para Departamentos internacionales<\/li>\n\n\n\n<li>Servicios de Executive Support para gestiones y proyectos internacionales<\/li>\n<\/ul>\n\n\n\n<h5 class=\"wp-block-heading has-green-color has-text-color has-link-color wp-elements-a1a87da22f864cf82d96d128d02a0b1f\">6. Asesoramiento comercial internacional<\/h5>\n\n\n\n<ul class=\"wp-block-list\">\n<li>Elaboraci\u00f3n de agendas de visitas internacionales<\/li>\n\n\n\n<li>B\u00fasqueda y localizaci\u00f3n de Ferias internacionales sectoriales<\/li>\n<\/ul>\n\n\n\n<h5 class=\"wp-block-heading has-green-color has-text-color has-link-color wp-elements-96bc9b5a4ad79768cc6c13485eb186b4\">7. Plan econ\u00f3mico y financiero<\/h5>\n\n\n\n<ul class=\"wp-block-list\">\n<li>Elaboraci\u00f3n de los objetivos de ventas internacionales<\/li>\n\n\n\n<li>Presupuesto de ventas internacionales<\/li>\n\n\n\n<li>Elaboraci\u00f3n de la Cuenta de Explotaci\u00f3n Internacional<\/li>\n\n\n\n<li>Asesoramiento y gesti\u00f3n de los Medios de Pago internacionales<\/li>\n\n\n\n<li>Informes de valoraci\u00f3n de riesgos de clientes, socios y proveedores<\/li>\n\n\n\n<li>Gesti\u00f3n de Seguros internacionales<\/li>\n<\/ul>\n\n\n\n<h5 class=\"wp-block-heading has-green-color has-text-color has-link-color wp-elements-055139db61e24f97af7f012568e38948\">8. Servicios de apoyo en viajes de negocios internacionales<\/h5>\n\n\n\n<ul class=\"wp-block-list\">\n<li>Servicio de acompa\u00f1amiento y gu\u00eda en viajes de negocio<\/li>\n\n\n\n<li>Servicio de asistencia en la negociaci\u00f3n (traducci\u00f3n)<\/li>\n\n\n\n<li>Servicio de asistencia en la negociaci\u00f3n (negociaci\u00f3n)<\/li>\n<\/ul>\n\n\n\n<h5 class=\"wp-block-heading has-green-color has-text-color has-link-color wp-elements-4a44ae679f84415f5cdd50a4365d129b\">9. Contratos internacionales (Asesor\u00eda legal y fiscal internacional)<\/h5>\n\n\n\n<ul class=\"wp-block-list\">\n<li>Asesoramiento Legal internacional y elaboraci\u00f3n de contratos internacionales<\/li>\n\n\n\n<li>Servicios de Arbitraje internacional<\/li>\n\n\n\n<li>Asesoramiento Reg\u00edmenes Fiscales internacionales e Intracomunitarios<\/li>\n<\/ul>\n\n\n\n<h5 class=\"wp-block-heading has-green-color has-text-color has-link-color wp-elements-cfb23e15d5ca36435fba313ae3b11517\">10. Evoluci\u00f3n de la estrategia de entrada<\/h5>\n\n\n\n<ul class=\"wp-block-list\">\n<li>Servicios de identificaci\u00f3n y b\u00fasqueda de socios, agentes, distribuidores y proveedores internacionales con la elaboraci\u00f3n de los respectivos contratos<\/li>\n<\/ul>\n\n\n\n<h5 class=\"wp-block-heading has-green-color has-text-color has-link-color wp-elements-36e60751ca7c05cac77d46670ce63c6b\">11. Direcci\u00f3n de proyectos de implantaci\u00f3n internacional comercial y productiva<\/h5>\n\n\n\n<ul class=\"wp-block-list\">\n<li>Obtenci\u00f3n de permisos y autorizaciones nacionales, regionales y municipales<\/li>\n\n\n\n<li>B\u00fasqueda de emplazamientos<\/li>\n\n\n\n<li>Dise\u00f1o de la planta de producci\u00f3n<\/li>\n\n\n\n<li>Negociaci\u00f3n con todos los actores locales implicados en la implantaci\u00f3n<\/li>\n\n\n\n<li>Gesti\u00f3n de la importaci\u00f3n de maquinaria y todo aquello imprescindible para el montaje y puesta en marcha del centro productivo<\/li>\n\n\n\n<li>Negociaci\u00f3n con proveedores y fabricantes de maquinaria locales<\/li>\n\n\n\n<li>Selecci\u00f3n de personal<\/li>\n\n\n\n<li>Negociaci\u00f3n con bancos para apertura de cuentas, recepci\u00f3n de la inversi\u00f3n y negociaci\u00f3n bancaria<\/li>\n\n\n\n<li>Creaci\u00f3n de una red comercial<\/li>\n\n\n\n<li>Seguimiento de la evoluci\u00f3n del proyecto<\/li>\n<\/ul>\n\n\n\n<h5 class=\"wp-block-heading has-green-color has-text-color has-link-color wp-elements-3229e9d86ffd4daa72be0390b78db5d1\">12. Gestiones de exportaci\u00f3n e importaci\u00f3n y env\u00edos internacionales<\/h5>\n\n\n\n<ul class=\"wp-block-list\">\n<li>Gesti\u00f3n log\u00edstica, aduanera y fiscal de env\u00edos internacionales<\/li>\n\n\n\n<li>Gesti\u00f3n t\u00e9cnica y administrativa de las operaciones internacionales<\/li>\n\n\n\n<li>Gesti\u00f3n del seguro de transporte<\/li>\n\n\n\n<li>Asesoramiento aduanero internacional<\/li>\n<\/ul>\n\n\n\n<h2 class=\"wp-block-heading has-green-color has-text-color has-link-color wp-elements-cd7e41400a62bfff442f977ba8243a05\">Comercio Exterior<\/h2>\n\n\n\n<h4 class=\"wp-block-heading has-green-color has-text-color has-link-color wp-elements-1ae9086b2a35fd0510207bf08062c81b\">Servicios de exportaci\u00f3n<\/h4>\n\n\n\n<h5 class=\"wp-block-heading has-green-color has-text-color has-link-color wp-elements-17f238a04922949966f2c85d7776780e\">Gesti\u00f3n de env\u00edos internacionales<\/h5>\n\n\n\n<ul class=\"wp-block-list\">\n<li>Env\u00edo puerta a puerta de todo tipo de mercanc\u00eda por cualquier medio de transporte a todos los pa\u00edses del mundo<\/li>\n\n\n\n<li>Servicios log\u00edsticos adicionales (almacenaje, Dep\u00f3sito aduanero, DDA, trincaje\u2026)<\/li>\n\n\n\n<li>Gesti\u00f3n de la documentaci\u00f3n de transporte con los operadores log\u00edsticos<\/li>\n\n\n\n<li>Gestiones aduaneras y fiscales en cualquier pa\u00eds de origen y destino<\/li>\n<\/ul>\n\n\n\n<h5 class=\"wp-block-heading has-green-color has-text-color has-link-color wp-elements-b9ec9698fd91f237fe2f0f0f48c4f46b\">Gesti\u00f3n t\u00e9cnica y administrativa de las operaciones internacionales<\/h5>\n\n\n\n<ul class=\"wp-block-list\">\n<li>Gesti\u00f3n de certificados de exportaci\u00f3n y autorizaciones con los organismos p\u00fablicos<\/li>\n\n\n\n<li>Gesti\u00f3n de documentaci\u00f3n en todos los medios de pago\/cobro internacionales<\/li>\n<\/ul>\n\n\n\n<h5 class=\"wp-block-heading has-green-color has-text-color has-link-color wp-elements-aa4e1bb4251a2944167734cff0d8dc95\">Gesti\u00f3n de seguros en operaciones internacionales e Informes de valoraci\u00f3n de riesgos<\/h5>\n\n\n\n<ul class=\"wp-block-list\">\n<li>Gestionamos cualquier tipo de cobertura y cubrimos todos los riesgos inherentes al comercio internacional:\n<ul class=\"wp-block-list\">\n<li>Riesgos comerciales y contractuales<\/li>\n\n\n\n<li>Riesgos pol\u00edticos y extraordinarios<\/li>\n\n\n\n<li>Riesgos de cambio de divisa<\/li>\n\n\n\n<li>Riesgos en el transporte de mercanc\u00edas<\/li>\n<\/ul>\n<\/li>\n\n\n\n<li>Realizamos estudios de valoraci\u00f3n de riesgos de cualquier empresa (potenciales clientes, socios y proveedores)<\/li>\n<\/ul>\n\n\n\n<h5 class=\"wp-block-heading has-green-color has-text-color has-link-color wp-elements-61d6af7ca5cc0542f71a29eb5d88b6a6\">Asesoramiento aduanero internacional y consulta de tratamientos arancelarios<\/h5>\n\n\n\n<ul class=\"wp-block-list\">\n<li>Clasificamos la partida o c\u00f3digo arancelario de sus productos (como exportador o importador) o, si lo prefiere, gestionamos ante la Agencia Tributaria la IAV (Informaci\u00f3n Arancelaria Vinculante)<\/li>\n\n\n\n<li>Ofrecemos asesoramiento sobre las gestiones aduaneras y tratamientos arancelarios de sus productos en cualquier pa\u00eds del mundo<\/li>\n<\/ul>\n\n\n\n<h4 class=\"wp-block-heading has-green-color has-text-color has-link-color wp-elements-2e849ef46899eef126be4951faa93b13\">Servicios de importaci\u00f3n<\/h4>\n\n\n\n<p>Te damos una soluci\u00f3n fiable para que importes desde China, poniendo a tu disposici\u00f3n dos opciones:<\/p>\n\n\n\n<ul class=\"wp-block-list\">\n<li>Realizar la importaci\u00f3n en tu nombre y servirte la mercanc\u00eda en Espa\u00f1a olvid\u00e1ndote de todo el papeleo. Recibir\u00e1s la mercanc\u00eda en tu almac\u00e9n espa\u00f1ol.<\/li>\n\n\n\n<li>Servicios de consultor\u00eda. Resolvemos todas las dudas que te surjan durante todo el proceso de importaci\u00f3n. Podemos ayudarte con:\n<ul class=\"wp-block-list\">\n<li>La b\u00fasqueda de proveedores<\/li>\n\n\n\n<li>Auditorias de f\u00e1brica<\/li>\n\n\n\n<li>Elaboraci\u00f3n de la Golden Sample<\/li>\n\n\n\n<li>Chequeo de la proforma invoice, d\u00e1ndote las claves m\u00e1s importantes a comprobar antes de realizar la importaci\u00f3n<\/li>\n\n\n\n<li>Seguimiento del calendario de producci\u00f3n<\/li>\n\n\n\n<li>Elaboraci\u00f3n de inspecciones de calidad<\/li>\n\n\n\n<li>Inspecciones de carga<\/li>\n\n\n\n<li>Contrataci\u00f3n del transporte<\/li>\n\n\n\n<li>Tr\u00e1mites aduaneros<\/li>\n\n\n\n<li>Elaboraci\u00f3n de test y certificaciones CE<\/li>\n<\/ul>\n<\/li>\n<\/ul>\n","protected":false},"excerpt":{"rendered":"<p>Soluciones de \u00e9xito para la internacionalizaci\u00f3n de tu empresa En CE Consulting Empresarial ayudamos a tu empresa a reducir el nivel de incertidumbre y minimizar riesgos en su proceso de internacionalizaci\u00f3n, tanto a la hora de introducir sus productos o servicios en nuevos mercados (apoyo a la actividad exportadora) como en los procesos de implantaci\u00f3n &hellip; <a href=\"http:\/\/ceconsultingbenalmadena.es\/?page_id=896\" class=\"more-link\">Seguir leyendo <span class=\"screen-reader-text\">CONSULTOR\u00cdA INTERNACIONAL<\/span> <span class=\"meta-nav\">&rarr;<\/span><\/a><\/p>\n","protected":false},"author":1,"featured_media":0,"parent":0,"menu_order":0,"comment_status":"closed","ping_status":"closed","template":"","meta":{"footnotes":""},"class_list":["post-896","page","type-page","status-publish","hentry"],"_links":{"self":[{"href":"http:\/\/ceconsultingbenalmadena.es\/index.php?rest_route=\/wp\/v2\/pages\/896","targetHints":{"allow":["GET"]}}],"collection":[{"href":"http:\/\/ceconsultingbenalmadena.es\/index.php?rest_route=\/wp\/v2\/pages"}],"about":[{"href":"http:\/\/ceconsultingbenalmadena.es\/index.php?rest_route=\/wp\/v2\/types\/page"}],"author":[{"embeddable":true,"href":"http:\/\/ceconsultingbenalmadena.es\/index.php?rest_route=\/wp\/v2\/users\/1"}],"replies":[{"embeddable":true,"href":"http:\/\/ceconsultingbenalmadena.es\/index.php?rest_route=%2Fwp%2Fv2%2Fcomments&post=896"}],"version-history":[{"count":3,"href":"http:\/\/ceconsultingbenalmadena.es\/index.php?rest_route=\/wp\/v2\/pages\/896\/revisions"}],"predecessor-version":[{"id":905,"href":"http:\/\/ceconsultingbenalmadena.es\/index.php?rest_route=\/wp\/v2\/pages\/896\/revisions\/905"}],"wp:attachment":[{"href":"http:\/\/ceconsultingbenalmadena.es\/index.php?rest_route=%2Fwp%2Fv2%2Fmedia&parent=896"}],"curies":[{"name":"wp","href":"https:\/\/api.w.org\/{rel}","templated":true}]}}