{"id":20,"date":"2015-09-05T13:50:38","date_gmt":"2015-09-05T13:50:38","guid":{"rendered":"http:\/\/ceconsultingbenalmadena.es\/?page_id=20"},"modified":"2024-10-24T19:33:48","modified_gmt":"2024-10-24T17:33:48","slug":"quienes-somos","status":"publish","type":"page","link":"https:\/\/ceconsultingbenalmadena.es\/?page_id=20","title":{"rendered":"\u00bfQui\u00e9nes somos?"},"content":{"rendered":"<h2 class=\"titulo\" style=\"color: #bc2045;\">Nuestras Asesor\u00edas de Empresas<\/h2>\n<p><iframe loading=\"lazy\" src=\"https:\/\/www.youtube.com\/embed\/g5SwxqeD0Ms\" width=\"560\" height=\"315\" frameborder=\"0\" allowfullscreen=\"allowfullscreen\"><\/iframe><\/p>\n<h3>Asesores y consultores de empresas-Misi\u00f3n<\/h3>\n<div align=\"justify\">CE Consulting Empresarial fue\u00a0<span style=\"font-weight: bold;\">creada en 1989\u00a0<\/span>con el objetivo de prestar servicios de\u00a0<span style=\"font-weight: bold; color: #d13838;\">asesor\u00eda a empresas<\/span>\u00a0y profesionales de todos los sectores econ\u00f3micos. Disponemos de un equipo de\u00a0<span style=\"color: #d13838;\"><span style=\"font-weight: bold;\">asesores<\/span>\u00a0y\u00a0<span style=\"font-weight: bold;\">consultores de empresas<\/span><\/span>\u00a0a disposici\u00f3n de su negocio.<\/div>\n<div align=\"justify\"><\/div>\n<div align=\"justify\"><\/div>\n<p align=\"center\">\n<h3>Asesor\u00eda de empresas-Filosof\u00eda<\/h3>\n<p align=\"justify\">Desde hace 25 a\u00f1os, CE Consulting Empresarial se caracteriza por prestar un servicio de\u00a0<span style=\"font-weight: bold;\"><span style=\"color: #d13838;\">asesoramiento de empresas<\/span>\u00a0<\/span>diferenciador por:<\/p>\n<div>\n<ul>\n<li>\n<div align=\"justify\">La\u00a0<span style=\"font-weight: bold;\"><span style=\"color: #d13838;\">profesionalidad<\/span> del equipo humano<\/span>: compuesto por m\u00e1s de 600\u00a0<span style=\"font-style: italic;\">asesores y consultores,\u00a0<\/span>cualificados y permanentemente actualizados, con programas de formaci\u00f3n propios.<\/div>\n<\/li>\n<li>\n<div align=\"justify\">Su\u00a0<span style=\"font-weight: bold; color: #d13838;\">cercan\u00eda<\/span>: con m\u00e1s de\u00a0160 oficinas nacionales e internacionales. Tenemos presencia en Am\u00e9rica, Europa, \u00c1frica y Asia. Contamos con m\u00e1s de 16.000 clientes que han depositado la confianza en nosotros.<\/div>\n<\/li>\n<li>\n<div align=\"justify\">Su\u00a0<span style=\"font-weight: bold; color: #d13838;\">efectividad<\/span>: le ofrecemos soluciones de\u00a0<span style=\"font-style: italic;\">asesoramiento\u00a0<\/span>a todos su problemas.<\/div>\n<\/li>\n<li>\n<div align=\"justify\">Nosotros abarcamos\u00a0<span style=\"color: #d13838;\"><span style=\"font-weight: bold;\">todos los \u00e1mbitos de la asesor\u00eda<\/span>:<\/span>\u00a0abogados,\u00a0fiscal,\u00a0legal,\u00a0contable,\u00a0laboral\u00a0y\u00a0recursos humanos&#8230;.<\/div>\n<\/li>\n<\/ul>\n<\/div>\n<h3>Asesor\u00eda de empresas &#8211; Valores<\/h3>\n<p align=\"justify\">Para lograr la excelencia en el servicio prestado, en todas y cada una de\u00a0<span style=\"font-weight: bold;\">nuestras asesor\u00edas<\/span>, nuestro grupo empresarial estructura su organizaci\u00f3n y desarrolla su actividad en torno a determinados principios y valores:<\/p>\n<ul>\n<li>\n<div align=\"justify\">La\u00a0<span style=\"font-weight: bold; color: #d13838;\">responsabilidad profesional<\/span>\u00a0de todos los asesores y consultores que lo integran.<\/div>\n<\/li>\n<li>\n<div align=\"justify\">La innovaci\u00f3n en los m\u00e9todos y\u00a0<span style=\"font-weight: bold; color: #d13838;\">procedimientos de trabajo<\/span>\u00a0empleados en el asesoramiento a empresas.<\/div>\n<\/li>\n<li>\n<div align=\"justify\">El\u00a0<span style=\"font-weight: bold; color: #d13838;\">trabajo en equipo<\/span>, necesario para un mejor asesoramiento multidisciplinar.<\/div>\n<\/li>\n<li>\n<div align=\"justify\">La\u00a0<span style=\"font-weight: bold; color: #d13838;\">atenci\u00f3n al cliente<\/span>, personalizando el servicio y el trato que se le proporciona.<\/div>\n<\/li>\n<li>\n<div align=\"justify\">La\u00a0<span style=\"font-weight: bold; color: #d13838;\">implicaci\u00f3n<\/span>\u00a0con los problemas, dificultades y \u00e9xitos de los clientes por parte de nuestros asesores y consultores de empresas.<\/div>\n<\/li>\n<li>\n<div align=\"justify\">La\u00a0<span style=\"font-weight: bold; color: #d13838;\">\u00e9tica corporativa<\/span>, como resultado confluyente de las \u00e9ticas individuales y de la empresa.<\/div>\n<\/li>\n<\/ul>\n<div align=\"left\"><\/div>\n<div align=\"left\">\n<div align=\"left\"><\/div>\n<div align=\"justify\">En CE Consulting Empresarial creemos en el respecto de los Derechos y Valores Fundamentales de la sociedad, y es por ello por lo que nos comprometemos al apoyo de los mismos.<\/div>\n<\/div>\n","protected":false},"excerpt":{"rendered":"<p>Nuestras Asesor\u00edas de Empresas Asesores y consultores de empresas-Misi\u00f3n CE Consulting Empresarial fue\u00a0creada en 1989\u00a0con el objetivo de prestar servicios de\u00a0asesor\u00eda a empresas\u00a0y profesionales de todos los sectores econ\u00f3micos. Disponemos de un equipo de\u00a0asesores\u00a0y\u00a0consultores de empresas\u00a0a disposici\u00f3n de su negocio. Asesor\u00eda de empresas-Filosof\u00eda Desde hace 25 a\u00f1os, CE Consulting Empresarial se caracteriza por prestar un &hellip; <a href=\"https:\/\/ceconsultingbenalmadena.es\/?page_id=20\" class=\"more-link\">Seguir leyendo <span class=\"screen-reader-text\">\u00bfQui\u00e9nes somos?<\/span> <span class=\"meta-nav\">&rarr;<\/span><\/a><\/p>\n","protected":false},"author":1,"featured_media":0,"parent":0,"menu_order":0,"comment_status":"closed","ping_status":"closed","template":"page-templates\/full-width.php","meta":{"footnotes":""},"class_list":["post-20","page","type-page","status-publish","hentry"],"_links":{"self":[{"href":"https:\/\/ceconsultingbenalmadena.es\/index.php?rest_route=\/wp\/v2\/pages\/20","targetHints":{"allow":["GET"]}}],"collection":[{"href":"https:\/\/ceconsultingbenalmadena.es\/index.php?rest_route=\/wp\/v2\/pages"}],"about":[{"href":"https:\/\/ceconsultingbenalmadena.es\/index.php?rest_route=\/wp\/v2\/types\/page"}],"author":[{"embeddable":true,"href":"https:\/\/ceconsultingbenalmadena.es\/index.php?rest_route=\/wp\/v2\/users\/1"}],"replies":[{"embeddable":true,"href":"https:\/\/ceconsultingbenalmadena.es\/index.php?rest_route=%2Fwp%2Fv2%2Fcomments&post=20"}],"version-history":[{"count":5,"href":"https:\/\/ceconsultingbenalmadena.es\/index.php?rest_route=\/wp\/v2\/pages\/20\/revisions"}],"predecessor-version":[{"id":706,"href":"https:\/\/ceconsultingbenalmadena.es\/index.php?rest_route=\/wp\/v2\/pages\/20\/revisions\/706"}],"wp:attachment":[{"href":"https:\/\/ceconsultingbenalmadena.es\/index.php?rest_route=%2Fwp%2Fv2%2Fmedia&parent=20"}],"curies":[{"name":"wp","href":"https:\/\/api.w.org\/{rel}","templated":true}]}}