{"id":442,"date":"2018-05-29T19:45:03","date_gmt":"2018-05-29T17:45:03","guid":{"rendered":"http:\/\/ceconsultingbenalmadena.es\/?page_id=442"},"modified":"2024-11-26T20:04:42","modified_gmt":"2024-11-26T19:04:42","slug":"politica-de-privacidad","status":"publish","type":"page","link":"https:\/\/ceconsultingbenalmadena.es\/?page_id=442","title":{"rendered":"Pol\u00edtica de privacidad"},"content":{"rendered":"<p><b>RESPONSABLE<br \/>\n<\/b>1. Identidad<\/p>\n<p align=\"JUSTIFY\">Empresa: CONSULTING EMPRESARIAL BENALMADENA SL.<\/p>\n<p align=\"JUSTIFY\">NIF: B93355667.<\/p>\n<p align=\"JUSTIFY\">Dir. Postal:\u00a0 Avda. de la Constituci\u00f3n n\u00ba 6, edif. Salca, 2\u00aa planta, oficina 60, Arroyo de la Miel \u2013 Benalm\u00e1dena,\u00a0 \u00a029631. MALAGA<\/p>\n<p align=\"JUSTIFY\">Tel\u00e9fono: 951 777 067<\/p>\n<p align=\"JUSTIFY\">E-Mail: cebenalmadena@ceconsulting.es.<\/p>\n<p>Datos de contacto del delegado en protecci\u00f3n de datos:<br \/>\nCARMEN PELAEZ<\/p>\n<p align=\"JUSTIFY\"><b>FINALIDADES<br \/>\n<\/b>2. Descripci\u00f3n ampliada de la finalidad\/es del tratamiento: trataremos sus datos para la gesti\u00f3n administrativa, contable y fiscal.<\/p>\n<p><b>CONSERVACI\u00d3N<br \/>\n<\/b>3. Plazos o criterios de conservaci\u00f3n de los datos:<\/p>\n<p align=\"JUSTIFY\">Los datos personales proporcionados se conservar\u00e1n mientras se mantenga la relaci\u00f3n con la entidad y no se solicite su supresi\u00f3n por el interesado, ser\u00e1n conservados conforme a los plazos legales establecidos en materia fiscal y contable, tomando como referencia la \u00faltima comunicaci\u00f3n.<\/p>\n<p><b>DECISIONES<br \/>\n<\/b>4. Decisiones automatizadas, perfiles y l\u00f3gica aplicada:<br \/>\nLa empresa NO tomar\u00e1 decisiones automatizadas, perfiles \u00f3 l\u00f3gica aplicada a sus datos.<\/p>\n<p align=\"JUSTIFY\"><b>LEGITIMACI\u00d3N<br \/>\n<\/b>5. Legitimaci\u00f3n por ejecuci\u00f3n de un contrato:<\/p>\n<p align=\"JUSTIFY\">Debido a que el tratamiento es necesario para la ejecuci\u00f3n de un contrato mercantil, en el que usted es parte, se hace constar que el tipo de contrato de que se trata, es el citado contrato mercantil o la relaci\u00f3n precontractual.<\/p>\n<p align=\"JUSTIFY\">Como la comunicaci\u00f3n de datos personales es un requisito legal o contractual y un requisito necesario para suscribir el citado contrato, se informa al interesado que est\u00e1 obligado a facilitar los datos personales, y as\u00ed mismo que\u00a0 las consecuencias de no hacerlo pueden suponer la no prestaci\u00f3n del servicio solicitado.<\/p>\n<p align=\"JUSTIFY\"><b>DESTINATARIOS<br \/>\n<\/b>6. Durante el periodo de duraci\u00f3n del tratamiento, CONSULTING EMPRESARIAL BENALMADENA SL no realizar\u00e1 ninguna cesi\u00f3n, salvo obligaci\u00f3n legal, ni tampoco transferencia alguna.<\/p>\n<p><b>DERECHOS<\/b><\/p>\n<p>7. El interesado puede ejercer los siguientes derechos:<\/p>\n<ul>\n<li>\u00a0 \u00a0Derecho a solicitar el acceso a sus datos personales.<\/li>\n<li>\u00a0 \u00a0Derecho a solicitar su rectificaci\u00f3n o supresi\u00f3n.<\/li>\n<li>\u00a0 \u00a0Derecho a solicitar la limitaci\u00f3n de su tratamiento.<\/li>\n<li>\u00a0 \u00a0Derecho a oponerse al tratamiento.<\/li>\n<li>\u00a0 \u00a0Derecho a la portabilidad de los datos.<\/li>\n<li>\u00a0 \u00a0Derecho a retirar el consentimiento prestado.<\/li>\n<\/ul>\n<p align=\"JUSTIFY\">Cualquier persona tiene derecho a obtener confirmaci\u00f3n sobre si en la Entidad estamos tratando datos personales que les conciernan, o no. Las personas interesadas tienen derecho a acceder a sus datos personales, as\u00ed como a solicitar la rectificaci\u00f3n de los datos inexactos o, en su caso, solicitar su supresi\u00f3n cuando, entre otros motivos, los datos ya no sean necesarios para los fines que fueron recogidos.<\/p>\n<p align=\"JUSTIFY\">En determinadas circunstancias, los interesados podr\u00e1n solicitar la limitaci\u00f3n del tratamiento de sus datos, en cuyo caso \u00fanicamente los conservaremos para el ejercicio o la defensa de reclamaciones. En determinadas circunstancias y por motivos relacionados con su situaci\u00f3n particular, los interesados podr\u00e1n oponerse al tratamiento de sus datos. En este caso, la entidad,\u00a0 dejar\u00e1 de tratar los datos, salvo por motivos leg\u00edtimos imperiosos, o el ejercicio o la defensa de posibles reclamaciones.<\/p>\n<p align=\"JUSTIFY\">Si ha otorgado su consentimiento para alguna finalidad concreta, tiene derecho a retirar el consentimiento otorgado en cualquier momento, sin que ello afecte a la licitud del tratamiento basado en el consentimiento previo a su retirada.<br \/>\nPara ello podr\u00e1 emplear los formularios habilitados por la empresa, o bien dirigir un escrito a CONSULTING EMPRESARIAL BENALMADENA SL, C\/ PEPA GUERRA VALDENEBRO URB PUEBLOSOL II, LOCAL 40, 29630, BENALMADENA, MALAGA, tambi\u00e9n puede enviar un email a: cebenalmadena@ceconsulting.es.<\/p>\n<p align=\"JUSTIFY\">En caso de que sienta vulnerados sus derechos en lo concerniente a la protecci\u00f3n de sus datos personales, especialmente cuando no haya obtenido satisfacci\u00f3n en el ejercicio de sus derechos, puede presentar una reclamaci\u00f3n ante la Autoridad de Control en materia de Protecci\u00f3n de Datos competente a trav\u00e9s de su sitio web: www.agpd.es.<\/p>\n<p align=\"JUSTIFY\">En cumplimiento de lo prevenido en el art\u00edculo 21 de la Ley 34\/2002 de servicios de la sociedad de la informaci\u00f3n y comercio electr\u00f3nico, si usted no desea recibir m\u00e1s informaci\u00f3n sobre nuestros servicios, puede darse de baja en la siguiente direcci\u00f3n de correo electr\u00f3nico de la entidad, indicando en el asunto \u00abNo enviar correos\u00bb.<\/p>\n<p><b>PROCEDENCIA DE LOS DATOS<br \/>\n<\/b>Los datos personales que tratamos en CONSULTING EMPRESARIAL BENALMADENA SL proceden directamente de usted:<\/p>\n<p>Las categor\u00edas de datos que se tratan son:<\/p>\n<ul>\n<li>Datos de car\u00e1cter identificativo.<\/li>\n<li>Caracter\u00edsticas personales.<\/li>\n<li>Datos profesionales.<\/li>\n<li>Informaci\u00f3n comercial.<\/li>\n<li>Direcciones postales o electr\u00f3nicas.<\/li>\n<li>Datos Econ\u00f3mico-Financieros.<\/li>\n<\/ul>\n<p align=\"JUSTIFY\">No se tratan datos especialmente protegidos.<\/p>\n","protected":false},"excerpt":{"rendered":"<p>RESPONSABLE 1. Identidad Empresa: CONSULTING EMPRESARIAL BENALMADENA SL. NIF: B93355667. Dir. Postal:\u00a0 Avda. de la Constituci\u00f3n n\u00ba 6, edif. Salca, 2\u00aa planta, oficina 60, Arroyo de la Miel \u2013 Benalm\u00e1dena,\u00a0 \u00a029631. MALAGA Tel\u00e9fono: 951 777 067 E-Mail: cebenalmadena@ceconsulting.es. Datos de contacto del delegado en protecci\u00f3n de datos: CARMEN PELAEZ FINALIDADES 2. Descripci\u00f3n ampliada de la &hellip; <a href=\"https:\/\/ceconsultingbenalmadena.es\/?page_id=442\" class=\"more-link\">Seguir leyendo <span class=\"screen-reader-text\">Pol\u00edtica de privacidad<\/span> <span class=\"meta-nav\">&rarr;<\/span><\/a><\/p>\n","protected":false},"author":1,"featured_media":0,"parent":0,"menu_order":0,"comment_status":"closed","ping_status":"closed","template":"","meta":{"footnotes":""},"class_list":["post-442","page","type-page","status-publish","hentry"],"_links":{"self":[{"href":"https:\/\/ceconsultingbenalmadena.es\/index.php?rest_route=\/wp\/v2\/pages\/442","targetHints":{"allow":["GET"]}}],"collection":[{"href":"https:\/\/ceconsultingbenalmadena.es\/index.php?rest_route=\/wp\/v2\/pages"}],"about":[{"href":"https:\/\/ceconsultingbenalmadena.es\/index.php?rest_route=\/wp\/v2\/types\/page"}],"author":[{"embeddable":true,"href":"https:\/\/ceconsultingbenalmadena.es\/index.php?rest_route=\/wp\/v2\/users\/1"}],"replies":[{"embeddable":true,"href":"https:\/\/ceconsultingbenalmadena.es\/index.php?rest_route=%2Fwp%2Fv2%2Fcomments&post=442"}],"version-history":[{"count":3,"href":"https:\/\/ceconsultingbenalmadena.es\/index.php?rest_route=\/wp\/v2\/pages\/442\/revisions"}],"predecessor-version":[{"id":863,"href":"https:\/\/ceconsultingbenalmadena.es\/index.php?rest_route=\/wp\/v2\/pages\/442\/revisions\/863"}],"wp:attachment":[{"href":"https:\/\/ceconsultingbenalmadena.es\/index.php?rest_route=%2Fwp%2Fv2%2Fmedia&parent=442"}],"curies":[{"name":"wp","href":"https:\/\/api.w.org\/{rel}","templated":true}]}}