{"id":581,"date":"2019-03-12T10:34:46","date_gmt":"2019-03-12T09:34:46","guid":{"rendered":"http:\/\/ceconsultingbenalmadena.es\/?page_id=581"},"modified":"2024-11-26T11:39:42","modified_gmt":"2024-11-26T10:39:42","slug":"asesoria","status":"publish","type":"page","link":"https:\/\/ceconsultingbenalmadena.es\/?page_id=581","title":{"rendered":"Asesor\u00eda"},"content":{"rendered":"<div class=\"vc_row wpb_row vc_row-fluid\">\n<div class=\"wpb_column vc_column_container vc_col-sm-12\">\n<div class=\"vc_column-inner\">\n<div class=\"wpb_wrapper\">\n<div class=\"wpb_text_column wpb_content_element \">\n<div class=\"wpb_wrapper\">\n<p>CE Consulting Empresarial es una\u00a0<strong>asesor\u00eda de empresas<\/strong>\u00a0formada por un equipo de asesores y abogados de empresas con la m\u00e1xima cualificaci\u00f3n y comprometidos con su trabajo y con las necesidades del cliente.<\/p>\n<p>Nuestro amplio abanico de servicios nos permite abarcar las<strong>\u00a0\u00e1reas fiscal, contable, laboral y recursos humanos, jur\u00eddica, outsourcing y marketing online<\/strong>\u00a0y ofrecerte una r\u00e1pida y total atenci\u00f3n.<\/p>\n<p>Somos asesores tanto para\u00a0<strong>grandes empresas<\/strong>\u00a0y\u00a0<strong>pymes<\/strong>\u00a0como para\u00a0<strong>aut\u00f3nomos<\/strong>\u00a0y\u00a0<strong>profesionales<\/strong>.<\/p>\n<\/div>\n<\/div>\n<div class=\"vc_separator wpb_content_element vc_separator_align_center vc_sep_width_100 vc_sep_pos_align_center vc_separator_no_text vc_sep_color_grey\">\u00a0<\/div>\n<\/div>\n<\/div>\n<\/div>\n<\/div>\n<div class=\"vc_row wpb_row vc_row-fluid\">\n<div class=\"wpb_column vc_column_container vc_col-sm-3\">\n<div class=\"vc_column-inner\">\n<div class=\"wpb_wrapper\">\n<div class=\"wpb_single_image wpb_content_element vc_align_center\">\n<figure class=\"wpb_wrapper vc_figure\">\n<div class=\"vc_single_image-wrapper vc_box_shadow_border vc_box_border_grey\"><a href=\"https:\/\/ceconsultingbenalmadena.es\/?page_id=826\"><img loading=\"lazy\" decoding=\"async\" class=\"alignleft wp-image-715 size-full\" src=\"http:\/\/ceconsultingbenalmadena.es\/wp-content\/uploads\/2024\/10\/afiscal.png\" alt=\"\" width=\"120\" height=\"120\" \/><\/a><span style=\"color: #007700;\"><strong style=\"font-size: 22px; font-weight: bold;\">Asesor\u00eda fiscal<\/strong><\/span><\/div>\n<div class=\"vc_single_image-wrapper vc_box_shadow_border vc_box_border_grey\">Elaboramos y presentamos todo tipo de impuestos ante los \u00f3rganos competentes. Realizamos la mejor planificaci\u00f3n fiscal para tu empresa. \u00bfNecesitas\u00a0asesores tributarios?<\/div>\n<div>\u00a0<\/div>\n<\/figure>\n<div style=\"text-align: center;\">\u25cf<\/div>\n<\/div>\n<div class=\"vc_separator wpb_content_element vc_separator_align_center vc_sep_width_100 vc_sep_pos_align_center vc_separator_no_text vc_sep_color_grey\">\u00a0<\/div>\n<\/div>\n<\/div>\n<\/div>\n<\/div>\n<div class=\"vc_row wpb_row vc_row-fluid\">\n<div class=\"wpb_column vc_column_container vc_col-sm-3\">\n<div class=\"vc_column-inner\">\n<div class=\"wpb_wrapper\">\n<div class=\"wpb_single_image wpb_content_element vc_align_center\">\n<figure class=\"wpb_wrapper vc_figure\">\n<div class=\"vc_single_image-wrapper vc_box_shadow_border vc_box_border_grey\"><a href=\"https:\/\/ceconsultingbenalmadena.es\/?page_id=833\"><img loading=\"lazy\" decoding=\"async\" class=\"alignleft wp-image-717 size-full\" src=\"http:\/\/ceconsultingbenalmadena.es\/wp-content\/uploads\/2024\/10\/acontable.png\" alt=\"\" width=\"120\" height=\"120\" \/><\/a><span style=\"color: #007700;\"><strong style=\"font-size: 22px; font-weight: bold;\">Asesor\u00eda contable<\/strong><\/span><\/div>\n<div class=\"vc_single_image-wrapper vc_box_shadow_border vc_box_border_grey\">Elaboramos la contabilidad de tu empresa. Presentamos los libros y cuentas anuales ante los \u00f3rganos correspondientes.<\/div>\n<\/figure>\n<div>\u00a0<\/div>\n<figure class=\"wpb_wrapper vc_figure\">\n<div style=\"text-align: center;\">\u25cf<\/div>\n<\/figure>\n<\/div>\n<\/div>\n<\/div>\n<\/div>\n<\/div>\n<div class=\"vc_row wpb_row vc_row-fluid\">\n<div class=\"wpb_column vc_column_container vc_col-sm-3\">\n<div class=\"vc_column-inner\">\n<div class=\"wpb_wrapper\">\n<div class=\"wpb_single_image wpb_content_element vc_align_center\">\n<figure class=\"wpb_wrapper vc_figure\">\n<div class=\"vc_single_image-wrapper vc_box_shadow_border vc_box_border_grey\"><strong style=\"font-size: 22px; font-weight: bold;\"><span style=\"color: #007700;\"><a href=\"https:\/\/ceconsultingbenalmadena.es\/?page_id=836\"><img loading=\"lazy\" decoding=\"async\" class=\"alignleft wp-image-720 size-full\" src=\"http:\/\/ceconsultingbenalmadena.es\/wp-content\/uploads\/2024\/10\/alaboral.png\" alt=\"Asesor\u00eda Laboral\" width=\"120\" height=\"120\" \/><\/a>Asesor\u00eda laboral y recursos humanos<\/span><\/strong><\/div>\n<div class=\"vc_single_image-wrapper vc_box_shadow_border vc_box_border_grey\">Gestionamos las n\u00f3minas de tu empresa, seguros sociales, altas y bajas en la seguridad social, elaboramos contratos, finiquitos, despidos, ERE\u2019s.<\/div>\n<div>\u00a0<\/div>\n<\/figure>\n<div style=\"text-align: center;\">\u25cf<\/div>\n<\/div>\n<\/div>\n<\/div>\n<\/div>\n<\/div>\n<div class=\"vc_row wpb_row vc_row-fluid\">\n<div class=\"wpb_column vc_column_container vc_col-sm-3\">\n<div class=\"vc_column-inner\">\n<div class=\"wpb_wrapper\">\n<div class=\"wpb_single_image wpb_content_element vc_align_center\">\n<figure class=\"wpb_wrapper vc_figure\"><a href=\"https:\/\/ceconsultingbenalmadena.es\/?page_id=839\"><img loading=\"lazy\" decoding=\"async\" class=\"alignleft wp-image-722 size-full\" src=\"http:\/\/ceconsultingbenalmadena.es\/wp-content\/uploads\/2024\/10\/ajuridica-1.png\" alt=\"\" width=\"120\" height=\"120\" \/><\/a>\n<div class=\"vc_single_image-wrapper vc_box_shadow_border vc_box_border_grey\"><span style=\"color: #007700;\"><strong style=\"font-size: 22px;\">Asesor\u00eda jur\u00eddica<\/strong><\/span><\/div>\n<div class=\"vc_single_image-wrapper vc_box_shadow_border vc_box_border_grey\">Abogados de empresa, servicios legales, derecho mercantil y societario, sucesi\u00f3n patrimonial programada, derecho civil, penal y administrativo, derecho internacional, corporate compliance, operaciones corporativas.<\/div>\n<div>\u00a0<\/div>\n<\/figure>\n<div style=\"text-align: center;\">\u25cf<\/div>\n<\/div>\n<\/div>\n<\/div>\n<\/div>\n<\/div>\n<div class=\"vc_row wpb_row vc_row-fluid\">\n<div class=\"wpb_column vc_column_container vc_col-sm-3\">\n<div class=\"vc_column-inner\">\n<div class=\"wpb_wrapper\">\n<div class=\"wpb_single_image wpb_content_element vc_align_center\">\n<figure class=\"wpb_wrapper vc_figure\">\n<div class=\"vc_single_image-wrapper vc_box_shadow_border vc_box_border_grey\"><a href=\"https:\/\/ceconsultingbenalmadena.es\/?page_id=842\"><img loading=\"lazy\" decoding=\"async\" class=\"alignleft wp-image-721 size-full\" src=\"http:\/\/ceconsultingbenalmadena.es\/wp-content\/uploads\/2024\/10\/aoutsour.png\" alt=\"\" width=\"120\" height=\"120\" \/><\/a><span style=\"color: #007700;\"><strong style=\"font-size: 22px; font-weight: bold;\">Outsourcing<\/strong><\/span><\/div>\n<div class=\"vc_single_image-wrapper vc_box_shadow_border vc_box_border_grey\">Gracias a este servicio tu compa\u00f1\u00eda puede centrar sus esfuerzos en el\u00a0<em>core bussiness<\/em>, delegando determinadas \u00e1reas y funcionalidades no estrat\u00e9gicas y liberando, de esta manera, recursos que puedan dedicarse a aspectos b\u00e1sicos de la empresa.<\/div>\n<\/figure>\n<\/div>\n<\/div>\n<\/div>\n<\/div>\n<\/div>\n\n\n<p><\/p>\n","protected":false},"excerpt":{"rendered":"<p>CE Consulting Empresarial es una\u00a0asesor\u00eda de empresas\u00a0formada por un equipo de asesores y abogados de empresas con la m\u00e1xima cualificaci\u00f3n y comprometidos con su trabajo y con las necesidades del cliente. Nuestro amplio abanico de servicios nos permite abarcar las\u00a0\u00e1reas fiscal, contable, laboral y recursos humanos, jur\u00eddica, outsourcing y marketing online\u00a0y ofrecerte una r\u00e1pida y &hellip; <a href=\"https:\/\/ceconsultingbenalmadena.es\/?page_id=581\" class=\"more-link\">Seguir leyendo <span class=\"screen-reader-text\">Asesor\u00eda<\/span> <span class=\"meta-nav\">&rarr;<\/span><\/a><\/p>\n","protected":false},"author":1,"featured_media":0,"parent":0,"menu_order":0,"comment_status":"closed","ping_status":"closed","template":"page-templates\/full-width.php","meta":{"footnotes":""},"class_list":["post-581","page","type-page","status-publish","hentry"],"_links":{"self":[{"href":"https:\/\/ceconsultingbenalmadena.es\/index.php?rest_route=\/wp\/v2\/pages\/581","targetHints":{"allow":["GET"]}}],"collection":[{"href":"https:\/\/ceconsultingbenalmadena.es\/index.php?rest_route=\/wp\/v2\/pages"}],"about":[{"href":"https:\/\/ceconsultingbenalmadena.es\/index.php?rest_route=\/wp\/v2\/types\/page"}],"author":[{"embeddable":true,"href":"https:\/\/ceconsultingbenalmadena.es\/index.php?rest_route=\/wp\/v2\/users\/1"}],"replies":[{"embeddable":true,"href":"https:\/\/ceconsultingbenalmadena.es\/index.php?rest_route=%2Fwp%2Fv2%2Fcomments&post=581"}],"version-history":[{"count":17,"href":"https:\/\/ceconsultingbenalmadena.es\/index.php?rest_route=\/wp\/v2\/pages\/581\/revisions"}],"predecessor-version":[{"id":844,"href":"https:\/\/ceconsultingbenalmadena.es\/index.php?rest_route=\/wp\/v2\/pages\/581\/revisions\/844"}],"wp:attachment":[{"href":"https:\/\/ceconsultingbenalmadena.es\/index.php?rest_route=%2Fwp%2Fv2%2Fmedia&parent=581"}],"curies":[{"name":"wp","href":"https:\/\/api.w.org\/{rel}","templated":true}]}}