{"id":598,"date":"2019-03-12T12:50:20","date_gmt":"2019-03-12T11:50:20","guid":{"rendered":"http:\/\/ceconsultingbenalmadena.es\/?page_id=598"},"modified":"2024-10-18T20:20:08","modified_gmt":"2024-10-18T18:20:08","slug":"tecnologia-y-desarrollo","status":"publish","type":"page","link":"https:\/\/ceconsultingbenalmadena.es\/?page_id=598","title":{"rendered":"Tecnolog\u00eda y Desarrollo"},"content":{"rendered":"<div class=\"wpb_text_column wpb_content_element \">\n<div class=\"wpb_wrapper\">\n<p><img loading=\"lazy\" decoding=\"async\" class=\"alignleft wp-image-715 size-full\" src=\"http:\/\/ceconsultingbenalmadena.es\/wp-content\/uploads\/2024\/10\/afiscal.png\" alt=\"\" width=\"120\" height=\"120\" \/>Desde C.E. Consulting Empresarial queremos ofrecerte un servicio 360\u00ba como complemento al asesoramiento legal y de consultor\u00eda a tu empresa, con el fin de ayudarte en su desarrollo mediante la implantaci\u00f3n de servicios y productos que la hagan m\u00e1s competitiva. Todo ello a trav\u00e9s de propuestas basadas en el\u00a0<strong>desarrollo, ahorro, digitalizaci\u00f3n y cumplimiento de la normativa legal entre otros<\/strong>.<\/p>\n<p><img loading=\"lazy\" decoding=\"async\" class=\"alignleft wp-image-746 size-full\" src=\"http:\/\/ceconsultingbenalmadena.es\/wp-content\/uploads\/2024\/10\/tecnologia.png\" alt=\"\" width=\"120\" height=\"120\" \/>Contamos con los mejores partners combinando de forma eficiente\u00a0<strong>alta calidad a precios competitivos<\/strong>.<\/p>\n<h3><\/h3>\n<\/div>\n<\/div>\n<div class=\"wpb_text_column wpb_content_element \">\n<div class=\"wpb_wrapper\">\n<h3 align=\"left\"><strong>Ventajas para ti<\/strong><\/h3>\n<p><img loading=\"lazy\" decoding=\"async\" class=\"alignleft wp-image-744 size-full\" src=\"http:\/\/ceconsultingbenalmadena.es\/wp-content\/uploads\/2024\/10\/desarrollo.png\" alt=\"\" width=\"120\" height=\"120\" \/>\u2013\u00a0\u00a0\u00a0\u00a0\u00a0\u00a0 Asesoramiento TOTAL bajo un mismo interlocutor: todas las gestiones que necesitas centralizadas en tu gestor de confianza.<\/p>\n<p>\u2013 \u00a0 \u00a0 \u00a0 Agilidad en cualquier tr\u00e1mite.<\/p>\n<p>\u2013\u00a0\u00a0\u00a0\u00a0\u00a0\u00a0 Recursos suficientes para dar respuesta a cualquier necesidad.<\/p>\n<p><img loading=\"lazy\" decoding=\"async\" class=\"alignleft wp-image-745 size-full\" src=\"http:\/\/ceconsultingbenalmadena.es\/wp-content\/uploads\/2024\/10\/gestion.png\" alt=\"\" width=\"120\" height=\"120\" \/>\u2013 \u00a0 \u00a0 \u00a0 Asesoramiento t\u00e9cnico en servicios y productos. Hablamos tu idioma.<\/p>\n<p>&nbsp;<\/p>\n<\/div>\n<\/div>\n","protected":false},"excerpt":{"rendered":"<p>Desde C.E. Consulting Empresarial queremos ofrecerte un servicio 360\u00ba como complemento al asesoramiento legal y de consultor\u00eda a tu empresa, con el fin de ayudarte en su desarrollo mediante la implantaci\u00f3n de servicios y productos que la hagan m\u00e1s competitiva. Todo ello a trav\u00e9s de propuestas basadas en el\u00a0desarrollo, ahorro, digitalizaci\u00f3n y cumplimiento de la &hellip; <a href=\"https:\/\/ceconsultingbenalmadena.es\/?page_id=598\" class=\"more-link\">Seguir leyendo <span class=\"screen-reader-text\">Tecnolog\u00eda y Desarrollo<\/span> <span class=\"meta-nav\">&rarr;<\/span><\/a><\/p>\n","protected":false},"author":1,"featured_media":0,"parent":0,"menu_order":0,"comment_status":"closed","ping_status":"closed","template":"","meta":{"footnotes":""},"class_list":["post-598","page","type-page","status-publish","hentry"],"_links":{"self":[{"href":"https:\/\/ceconsultingbenalmadena.es\/index.php?rest_route=\/wp\/v2\/pages\/598","targetHints":{"allow":["GET"]}}],"collection":[{"href":"https:\/\/ceconsultingbenalmadena.es\/index.php?rest_route=\/wp\/v2\/pages"}],"about":[{"href":"https:\/\/ceconsultingbenalmadena.es\/index.php?rest_route=\/wp\/v2\/types\/page"}],"author":[{"embeddable":true,"href":"https:\/\/ceconsultingbenalmadena.es\/index.php?rest_route=\/wp\/v2\/users\/1"}],"replies":[{"embeddable":true,"href":"https:\/\/ceconsultingbenalmadena.es\/index.php?rest_route=%2Fwp%2Fv2%2Fcomments&post=598"}],"version-history":[{"count":3,"href":"https:\/\/ceconsultingbenalmadena.es\/index.php?rest_route=\/wp\/v2\/pages\/598\/revisions"}],"predecessor-version":[{"id":748,"href":"https:\/\/ceconsultingbenalmadena.es\/index.php?rest_route=\/wp\/v2\/pages\/598\/revisions\/748"}],"wp:attachment":[{"href":"https:\/\/ceconsultingbenalmadena.es\/index.php?rest_route=%2Fwp%2Fv2%2Fmedia&parent=598"}],"curies":[{"name":"wp","href":"https:\/\/api.w.org\/{rel}","templated":true}]}}