{"id":608,"date":"2019-03-12T13:07:19","date_gmt":"2019-03-12T12:07:19","guid":{"rendered":"http:\/\/ceconsultingbenalmadena.es\/?page_id=608"},"modified":"2024-10-18T20:45:11","modified_gmt":"2024-10-18T18:45:11","slug":"desarrollo","status":"publish","type":"page","link":"https:\/\/ceconsultingbenalmadena.es\/?page_id=608","title":{"rendered":"Desarrollo"},"content":{"rendered":"<div class=\"wpb_text_column wpb_content_element \">\n<h4><strong><img loading=\"lazy\" decoding=\"async\" class=\"wp-image-744 size-full alignleft\" src=\"http:\/\/ceconsultingbenalmadena.es\/wp-content\/uploads\/2024\/10\/desarrollo.png\" alt=\"\" width=\"120\" height=\"120\" \/>Formaci\u00f3n bonificada:<\/strong><\/h4>\n<p>Mejora las habilidades y competencias de los profesionales de tu empresa adquiriendo nuevas aptitudes con las que reforzar tu actividad.<\/p>\n<\/div>\n<div class=\"wpb_text_column wpb_content_element \">\n<div class=\"wpb_wrapper\">\n<h4 align=\"left\"><strong>Certificaciones ISO:<\/strong><\/h4>\n<p>Obt\u00e9n la certificaci\u00f3n ISO que se adapte a tu actividad. Proyecta confianza.<\/p>\n<h4 align=\"left\"><strong>Eficiencia energ\u00e9tica:\u00a0<\/strong><\/h4>\n<p>Optimiza los recursos energ\u00e9ticos necesarios para el funcionamiento de tu empresa mediante ahorro en consumo y tarifa.<\/p>\n<h4 align=\"left\"><\/h4>\n<\/div>\n<\/div>\n","protected":false},"excerpt":{"rendered":"<p>Formaci\u00f3n bonificada: Mejora las habilidades y competencias de los profesionales de tu empresa adquiriendo nuevas aptitudes con las que reforzar tu actividad. Certificaciones ISO: Obt\u00e9n la certificaci\u00f3n ISO que se adapte a tu actividad. Proyecta confianza. Eficiencia energ\u00e9tica:\u00a0 Optimiza los recursos energ\u00e9ticos necesarios para el funcionamiento de tu empresa mediante ahorro en consumo y tarifa.<\/p>\n","protected":false},"author":1,"featured_media":0,"parent":0,"menu_order":0,"comment_status":"closed","ping_status":"closed","template":"","meta":{"footnotes":""},"class_list":["post-608","page","type-page","status-publish","hentry"],"_links":{"self":[{"href":"https:\/\/ceconsultingbenalmadena.es\/index.php?rest_route=\/wp\/v2\/pages\/608","targetHints":{"allow":["GET"]}}],"collection":[{"href":"https:\/\/ceconsultingbenalmadena.es\/index.php?rest_route=\/wp\/v2\/pages"}],"about":[{"href":"https:\/\/ceconsultingbenalmadena.es\/index.php?rest_route=\/wp\/v2\/types\/page"}],"author":[{"embeddable":true,"href":"https:\/\/ceconsultingbenalmadena.es\/index.php?rest_route=\/wp\/v2\/users\/1"}],"replies":[{"embeddable":true,"href":"https:\/\/ceconsultingbenalmadena.es\/index.php?rest_route=%2Fwp%2Fv2%2Fcomments&post=608"}],"version-history":[{"count":8,"href":"https:\/\/ceconsultingbenalmadena.es\/index.php?rest_route=\/wp\/v2\/pages\/608\/revisions"}],"predecessor-version":[{"id":766,"href":"https:\/\/ceconsultingbenalmadena.es\/index.php?rest_route=\/wp\/v2\/pages\/608\/revisions\/766"}],"wp:attachment":[{"href":"https:\/\/ceconsultingbenalmadena.es\/index.php?rest_route=%2Fwp%2Fv2%2Fmedia&parent=608"}],"curies":[{"name":"wp","href":"https:\/\/api.w.org\/{rel}","templated":true}]}}