{"id":836,"date":"2024-11-26T11:34:30","date_gmt":"2024-11-26T10:34:30","guid":{"rendered":"https:\/\/ceconsultingbenalmadena.es\/?page_id=836"},"modified":"2024-11-26T19:07:15","modified_gmt":"2024-11-26T18:07:15","slug":"asesoria-laboral","status":"publish","type":"page","link":"https:\/\/ceconsultingbenalmadena.es\/?page_id=836","title":{"rendered":"ASESOR\u00cdA LABORAL"},"content":{"rendered":"<div class=\"wp-block-image\">\n<figure class=\"alignleft size-full\"><a href=\"http:\/\/ceconsultingbenalmadena.es\/wp-content\/uploads\/2024\/10\/alaboral.png\"><img loading=\"lazy\" decoding=\"async\" width=\"120\" height=\"120\" src=\"http:\/\/ceconsultingbenalmadena.es\/wp-content\/uploads\/2024\/10\/alaboral.png\" alt=\"Asesor\u00eda Laboral\" class=\"wp-image-720\"\/><\/a><\/figure><\/div>\n\n\n<p>Nuestra asesor\u00eda cubrir\u00e1 cualquier aspecto del \u00e1mbito laboral de tu empresa o actividad.<\/p>\n\n\n\n<h3 class=\"wp-block-heading has-green-color has-text-color has-link-color wp-elements-75e3b7c87f599692250bda327489ffdb\">Gesti\u00f3n n\u00f3minas y Seguridad Social<\/h3>\n\n\n\n<ul class=\"wp-block-list\">\n<li>Elaboraci\u00f3n y gesti\u00f3n de n\u00f3minas.<\/li>\n\n\n\n<li>Contratos y bonificaciones.<\/li>\n\n\n\n<li>Seguros sociales.<\/li>\n\n\n\n<li>C\u00e1lculo de retenciones y presentaci\u00f3n de impuestos.<\/li>\n\n\n\n<li>Portal del empleado.<\/li>\n<\/ul>\n\n\n\n<h3 class=\"wp-block-heading has-green-color has-text-color has-link-color wp-elements-5cb2af399f8776b8cf9cbe1a8fafd662\">Asesoramiento laboral<\/h3>\n\n\n\n<ul class=\"wp-block-list\">\n<li><strong>Despidos<\/strong>.<\/li>\n\n\n\n<li><strong>ERE y ERTE<\/strong>.<\/li>\n\n\n\n<li><strong>Amonestaciones<\/strong>.<\/li>\n\n\n\n<li><strong>Inspecciones<\/strong>&nbsp;de trabajo.<\/li>\n\n\n\n<li><strong>Contratos de alta direcci\u00f3n.<\/strong><\/li>\n\n\n\n<li><strong>Expatriados.<\/strong><\/li>\n\n\n\n<li><strong>Prestaciones de Seguridad Social.<\/strong><\/li>\n\n\n\n<li><strong>Jubilaciones.<\/strong><\/li>\n\n\n\n<li><strong>Incapacidades.<\/strong><\/li>\n<\/ul>\n\n\n\n<h3 class=\"wp-block-heading has-green-color has-text-color has-link-color wp-elements-8d446997eda8cd213920ba547afd9e70\">Consultor\u00eda jur\u00eddico-laboral<\/h3>\n\n\n\n<p>Nuestros asesores hacen posible que el cliente se sienta atendido en todo momento, con la inmediatez que este \u00e1mbito del Derecho requiere, realizando una labor de an\u00e1lisis constante de todos aquellos aspectos que son susceptibles de ser mejorados dentro de la organizaci\u00f3n de la empresa, de tal forma que nos adelantamos a sus necesidades y hacemos, en definitiva, que su empresa sea m\u00e1s productiva a nivel laboral. La pr\u00e1ctica profesional abarca entre otras materias las siguientes:<\/p>\n\n\n\n<ul class=\"wp-block-list\">\n<li>Auditorias.<\/li>\n\n\n\n<li>Negociaci\u00f3n colectiva.<\/li>\n\n\n\n<li>Reestructuraciones empresariales.<\/li>\n\n\n\n<li>Convenios de empresa.<\/li>\n\n\n\n<li>Dise\u00f1os pol\u00edticas retributibas.<\/li>\n\n\n\n<li>Implantaci\u00f3n R\u00e9gimes Sancionadores.<\/li>\n<\/ul>\n\n\n\n<h3 class=\"wp-block-heading has-green-color has-text-color has-link-color wp-elements-26788d980663cbb1b0f8ee8fbf9e3eb1\">Extranjer\u00eda<\/h3>\n\n\n\n<ul class=\"wp-block-list\">\n<li><strong>Regulaciones<\/strong>.<\/li>\n\n\n\n<li>Gesti\u00f3n de&nbsp;<strong>nuevos permisos.<\/strong><\/li>\n\n\n\n<li><strong>Pr\u00f3rrogas<\/strong>.<\/li>\n\n\n\n<li>Obtenci\u00f3n&nbsp;<strong>nacionalidad<\/strong>.<\/li>\n\n\n\n<li><strong>Permiso de residencia para inversores.<\/strong><\/li>\n<\/ul>\n","protected":false},"excerpt":{"rendered":"<p>Nuestra asesor\u00eda cubrir\u00e1 cualquier aspecto del \u00e1mbito laboral de tu empresa o actividad. Gesti\u00f3n n\u00f3minas y Seguridad Social Asesoramiento laboral Consultor\u00eda jur\u00eddico-laboral Nuestros asesores hacen posible que el cliente se sienta atendido en todo momento, con la inmediatez que este \u00e1mbito del Derecho requiere, realizando una labor de an\u00e1lisis constante de todos aquellos aspectos que &hellip; <a href=\"https:\/\/ceconsultingbenalmadena.es\/?page_id=836\" class=\"more-link\">Seguir leyendo <span class=\"screen-reader-text\">ASESOR\u00cdA LABORAL<\/span> <span class=\"meta-nav\">&rarr;<\/span><\/a><\/p>\n","protected":false},"author":1,"featured_media":0,"parent":0,"menu_order":0,"comment_status":"closed","ping_status":"closed","template":"","meta":{"footnotes":""},"class_list":["post-836","page","type-page","status-publish","hentry"],"_links":{"self":[{"href":"https:\/\/ceconsultingbenalmadena.es\/index.php?rest_route=\/wp\/v2\/pages\/836","targetHints":{"allow":["GET"]}}],"collection":[{"href":"https:\/\/ceconsultingbenalmadena.es\/index.php?rest_route=\/wp\/v2\/pages"}],"about":[{"href":"https:\/\/ceconsultingbenalmadena.es\/index.php?rest_route=\/wp\/v2\/types\/page"}],"author":[{"embeddable":true,"href":"https:\/\/ceconsultingbenalmadena.es\/index.php?rest_route=\/wp\/v2\/users\/1"}],"replies":[{"embeddable":true,"href":"https:\/\/ceconsultingbenalmadena.es\/index.php?rest_route=%2Fwp%2Fv2%2Fcomments&post=836"}],"version-history":[{"count":2,"href":"https:\/\/ceconsultingbenalmadena.es\/index.php?rest_route=\/wp\/v2\/pages\/836\/revisions"}],"predecessor-version":[{"id":854,"href":"https:\/\/ceconsultingbenalmadena.es\/index.php?rest_route=\/wp\/v2\/pages\/836\/revisions\/854"}],"wp:attachment":[{"href":"https:\/\/ceconsultingbenalmadena.es\/index.php?rest_route=%2Fwp%2Fv2%2Fmedia&parent=836"}],"curies":[{"name":"wp","href":"https:\/\/api.w.org\/{rel}","templated":true}]}}