{"id":839,"date":"2024-11-26T11:37:04","date_gmt":"2024-11-26T10:37:04","guid":{"rendered":"https:\/\/ceconsultingbenalmadena.es\/?page_id=839"},"modified":"2024-11-26T19:08:03","modified_gmt":"2024-11-26T18:08:03","slug":"asesoria-juridica","status":"publish","type":"page","link":"https:\/\/ceconsultingbenalmadena.es\/?page_id=839","title":{"rendered":"ASESOR\u00cdA JUR\u00cdDICA"},"content":{"rendered":"<div class=\"wp-block-image\">\n<figure class=\"alignleft size-full\"><a href=\"http:\/\/ceconsultingbenalmadena.es\/wp-content\/uploads\/2024\/10\/ajuridica.png\"><img loading=\"lazy\" decoding=\"async\" width=\"120\" height=\"120\" src=\"http:\/\/ceconsultingbenalmadena.es\/wp-content\/uploads\/2024\/10\/ajuridica.png\" alt=\"\" class=\"wp-image-719\"\/><\/a><\/figure><\/div>\n\n\n<p>Nuestra asesor\u00eda jur\u00eddica est\u00e1 formada por un amplio equipo de<strong>&nbsp;asesores, consultores y abogados<\/strong>&nbsp;con una alta cualificaci\u00f3n y experiencia en las diferentes especialidades del&nbsp;<strong>derecho empresarial<\/strong>, en particular en las \u00e1reas de pr\u00e1cticas del derecho mercantil, concursal y de sociedades.<\/p>\n\n\n\n<ul class=\"wp-block-list\">\n<li>Constituci\u00f3n de sociedades.<\/li>\n\n\n\n<li>Modificaciones societarias.<\/li>\n\n\n\n<li>Elaboraci\u00f3n, dep\u00f3sito y registro de cuentas anuales.<\/li>\n\n\n\n<li>Legalizaci\u00f3n y custodia de libros societarios y contables.<\/li>\n\n\n\n<li>Asistencia legal en Juntas, convocatorias y secretar\u00eda legal.<\/li>\n\n\n\n<li>Elaboraci\u00f3n y negociaci\u00f3n de contratos mercantiles.<\/li>\n<\/ul>\n\n\n\n<ul class=\"wp-block-list\">\n<li>Asistencia legal a fundaciones y asociaciones.<\/li>\n\n\n\n<li>Registro y protecci\u00f3n de nombres comerciales, marcas, patentes y dominios.<\/li>\n\n\n\n<li>Clasificaci\u00f3n y calificaci\u00f3n Empresarial.<\/li>\n\n\n\n<li>Liquidaci\u00f3n del Impuesto de Transmisiones Patrimoniales y Actos Jur\u00eddicos Documentados (ITP\/AJD).<\/li>\n\n\n\n<li>Apostilla y Legalizaci\u00f3n de Documentos.<\/li>\n\n\n\n<li>Gestiones en organismos p\u00fablicos, registros y notar\u00edas.<\/li>\n<\/ul>\n\n\n\n<h3 class=\"wp-block-heading has-green-color has-text-color has-link-color wp-elements-2d734ae4770b6933c5860e37bc96a77f\">Asesor\u00eda para PYMES y Emprendedores<\/h3>\n\n\n\n<p>CE Consulting Empresarial ha dise\u00f1ado servicios de&nbsp;<strong>asesor\u00eda jur\u00eddica<\/strong>&nbsp;a medida, teniendo en cuenta las necesidades de las peque\u00f1as y medianas empresas (PYMES) y de los emprendedores que se inician en el mundo de los negocios.<\/p>\n\n\n\n<p>Los servicios que se prestan por nuestra&nbsp;<strong>asesor\u00eda jur\u00eddica&nbsp;<\/strong>para este sector de clientes, que es el mayoritario, son los siguientes:<\/p>\n\n\n\n<ul class=\"wp-block-list\">\n<li><strong>Servicio de Constituci\u00f3n de Sociedades \u201cLlave en mano\u201d<\/strong>: Un asesor mercantil, le asesorar\u00e1 en el proceso de definici\u00f3n de la estructura societaria m\u00e1s adecuada a su negocio, el capital, objeto social y \u00f3rgano de administraci\u00f3n que requiere.<\/li>\n\n\n\n<li>El asesor mercantil designado se encargar\u00e1 de constituir la empresa, redactar los Estatutos Sociales, acompa\u00f1ar al cliente a la Notar\u00eda y realizar las gestiones y tr\u00e1mites legales ante el Registro Mercantil, la AEAT (Hacienda) y la Tesorer\u00eda de la Seguridad Social, con el objetivo de que el cliente obtenga sus escrituras p\u00fablicas, el CIF, el alta de actividad fiscal y el n\u00famero de cotizaci\u00f3n que le permitir\u00e1n iniciar su negocio en el m\u00e1s breve tiempo posible.<\/li>\n\n\n\n<li><strong>Servicio de Control de deudas y gesti\u00f3n de impagados<\/strong>: le ofrecemos a nuestros clientes la depuraci\u00f3n de su cartera de impagados, que incluye la preparaci\u00f3n del personal interno para mejorar el control de la deuda y la realizaci\u00f3n de las acciones legales de reclamaci\u00f3n incluyendo las judiciales que correspondan.<\/li>\n\n\n\n<li><strong>Abonos o igualas de servicios jur\u00eddicos<\/strong>: por el pago de una cantidad mensual se les ofrecen a los clientes servicios de asesoramiento jur\u00eddico, redacci\u00f3n de contratos, reclamaciones pre-contenciosas, respuestas a consultas, informes sobre temas legales diversos, gesti\u00f3n de documentos, llevanza y custodia de libros mercantiles entre otros.<\/li>\n<\/ul>\n\n\n\n<h3 class=\"wp-block-heading has-green-color has-text-color has-link-color wp-elements-5ec22d3b35a7502f49443aa571dcded9\">Otros servicios de asesor\u00eda jur\u00eddica especializados<\/h3>\n\n\n\n<ul class=\"wp-block-list\">\n<li>Asesor\u00eda en contratos de arrendamientos de vivienda y local de negocios seg\u00fan la Ley de Arrendamientos Urbanos, traspasos de local.<\/li>\n\n\n\n<li>Planificaci\u00f3n de estructuras empresariales \u00f3ptimas y operaciones de reestructuraci\u00f3n empresarial, fusiones y escisiones.<\/li>\n\n\n\n<li>Compraventas de empresa, carteras de clientes, inmuebles.<\/li>\n\n\n\n<li>Dise\u00f1o y realizaci\u00f3n de operaciones de segregaci\u00f3n de ramas de actividad, disoluci\u00f3n y liquidaci\u00f3n de empresas.<\/li>\n\n\n\n<li>Asesor\u00eda en Protecci\u00f3n de Datos, LOPD.<\/li>\n\n\n\n<li>Asesoramiento en el cumplimiento de las normas de prevenci\u00f3n de blanqueo de capitales.<\/li>\n\n\n\n<li>Secretar\u00eda Legal de Consejos de Administraci\u00f3n.<\/li>\n\n\n\n<li>Control y alertas a los socios y administradores, sobre la Responsabilidad de Administradores y el Desequilibrio Patrimonial.<\/li>\n\n\n\n<li>Servicios de mediaci\u00f3n mercantil y arbitraje especializado.<\/li>\n<\/ul>\n","protected":false},"excerpt":{"rendered":"<p>Nuestra asesor\u00eda jur\u00eddica est\u00e1 formada por un amplio equipo de&nbsp;asesores, consultores y abogados&nbsp;con una alta cualificaci\u00f3n y experiencia en las diferentes especialidades del&nbsp;derecho empresarial, en particular en las \u00e1reas de pr\u00e1cticas del derecho mercantil, concursal y de sociedades. Asesor\u00eda para PYMES y Emprendedores CE Consulting Empresarial ha dise\u00f1ado servicios de&nbsp;asesor\u00eda jur\u00eddica&nbsp;a medida, teniendo en cuenta &hellip; <a href=\"https:\/\/ceconsultingbenalmadena.es\/?page_id=839\" class=\"more-link\">Seguir leyendo <span class=\"screen-reader-text\">ASESOR\u00cdA JUR\u00cdDICA<\/span> <span class=\"meta-nav\">&rarr;<\/span><\/a><\/p>\n","protected":false},"author":1,"featured_media":0,"parent":0,"menu_order":0,"comment_status":"closed","ping_status":"closed","template":"","meta":{"footnotes":""},"class_list":["post-839","page","type-page","status-publish","hentry"],"_links":{"self":[{"href":"https:\/\/ceconsultingbenalmadena.es\/index.php?rest_route=\/wp\/v2\/pages\/839","targetHints":{"allow":["GET"]}}],"collection":[{"href":"https:\/\/ceconsultingbenalmadena.es\/index.php?rest_route=\/wp\/v2\/pages"}],"about":[{"href":"https:\/\/ceconsultingbenalmadena.es\/index.php?rest_route=\/wp\/v2\/types\/page"}],"author":[{"embeddable":true,"href":"https:\/\/ceconsultingbenalmadena.es\/index.php?rest_route=\/wp\/v2\/users\/1"}],"replies":[{"embeddable":true,"href":"https:\/\/ceconsultingbenalmadena.es\/index.php?rest_route=%2Fwp%2Fv2%2Fcomments&post=839"}],"version-history":[{"count":2,"href":"https:\/\/ceconsultingbenalmadena.es\/index.php?rest_route=\/wp\/v2\/pages\/839\/revisions"}],"predecessor-version":[{"id":855,"href":"https:\/\/ceconsultingbenalmadena.es\/index.php?rest_route=\/wp\/v2\/pages\/839\/revisions\/855"}],"wp:attachment":[{"href":"https:\/\/ceconsultingbenalmadena.es\/index.php?rest_route=%2Fwp%2Fv2%2Fmedia&parent=839"}],"curies":[{"name":"wp","href":"https:\/\/api.w.org\/{rel}","templated":true}]}}