{"id":907,"date":"2024-12-14T12:48:10","date_gmt":"2024-12-14T11:48:10","guid":{"rendered":"https:\/\/ceconsultingbenalmadena.es\/?page_id=907"},"modified":"2024-12-14T12:48:11","modified_gmt":"2024-12-14T11:48:11","slug":"rrhh-integrales","status":"publish","type":"page","link":"https:\/\/ceconsultingbenalmadena.es\/?page_id=907","title":{"rendered":"RRHH Integrales"},"content":{"rendered":"\n<h2 class=\"wp-block-heading has-green-color has-text-color has-link-color wp-elements-99ccd6cd38f4ee7492084827ea5053f0\">Divisi\u00f3n de atracci\u00f3n de talento<\/h2>\n\n\n\n<p>Conf\u00eda en la&nbsp;<strong>divisi\u00f3n de atracci\u00f3n de talento<\/strong>&nbsp;CE Consulting Empresarial.<br>Hacemos un perfecto matching uniendo la empresa con el talento adecuado.<\/p>\n\n\n\n<p>\u00bfTienes dificultades para encontrar determinados perfiles para tu organizaci\u00f3n?<br>\u00bfPersonas incorporadas a la plantilla no han cubierto las expectativas?<br>\u00bfInviertes un tiempo muy preciado para ti en buscar profesionales para la empresa?<br>\u00bfNecesitas m\u00e1s polivalencia en los equipos? \u00bfContratar trabajadores en poco tiempo?<\/p>\n\n\n\n<p><strong>EVITA RIESGOS<\/strong>&nbsp;de no<strong>&nbsp;adaptaci\u00f3n<\/strong>&nbsp;de la persona al puesto o la empresa, de&nbsp;<strong>rotaci\u00f3n<\/strong>, costes de contrataci\u00f3n, costes de&nbsp;<strong>tiempo<\/strong>&nbsp;y energ\u00eda en la b\u00fasqueda e integraci\u00f3n a la empresa de candidatos no adecuados, costes de<strong>formaci\u00f3n<\/strong>&nbsp;inicial y baja&nbsp;<strong>productividad<\/strong>.<\/p>\n\n\n\n<p><strong>Trabajamos en funci\u00f3n de:<\/strong><\/p>\n\n\n\n<ul class=\"wp-block-list\">\n<li>La\u00a0<strong>cultura, valores y estrategia<\/strong>\u00a0que definen tu compa\u00f1\u00eda.<\/li>\n\n\n\n<li>Las caracter\u00edsticas y necesidades de tu\u00a0<strong>negocio, mercado, organizaci\u00f3n, equipo de trabajo y perfil<\/strong>.<\/li>\n\n\n\n<li>Los\u00a0<strong>compromisos<\/strong>\u00a0adquiridos.<\/li>\n\n\n\n<li>Los\u00a0<strong>plazos y urgencia<\/strong>\u00a0para cubrir las posiciones.<\/li>\n\n\n\n<li>Tu\u00a0<strong>presupuesto<\/strong>: Llegamos hasta donde necesites. Selecci\u00f3n modular.<\/li>\n<\/ul>\n\n\n\n<h2 class=\"wp-block-heading has-green-color has-text-color has-link-color wp-elements-231f46b122184c381762f67c83511a51\">Soluciones a tu disposici\u00f3n en las que garantizamos:<\/h2>\n\n\n\n<div class=\"wp-block-columns is-layout-flex wp-container-core-columns-is-layout-9d6595d7 wp-block-columns-is-layout-flex\">\n<div class=\"wp-block-column is-layout-flow wp-block-column-is-layout-flow\">\n<h6 class=\"wp-block-heading has-green-color has-text-color has-link-color wp-elements-51265365ff3e66406ac6889c8baca702\">Pre-Selecci\u00f3n. Reclutamiento avanzado<\/h6>\n\n\n<div class=\"wp-block-image wp-duotone-rgb01190-rgb255254254-1\">\n<figure class=\"alignleft size-full\"><a href=\"https:\/\/ceconsultingbenalmadena.es\/wp-content\/uploads\/2024\/12\/image.png\"><img loading=\"lazy\" decoding=\"async\" width=\"60\" height=\"60\" src=\"https:\/\/ceconsultingbenalmadena.es\/wp-content\/uploads\/2024\/12\/image.png\" alt=\"\" class=\"wp-image-908\"\/><\/a><\/figure><\/div>\n\n\n<p>Agiliza la captaci\u00f3n de candidatos que cumplen con el perfil duro de la posici\u00f3n.<\/p>\n\n\n\n<h6 class=\"wp-block-heading has-green-color has-text-color has-link-color wp-elements-38fd72ba8e620591a439d56d7fb501bd\">Selecci\u00f3n completa<\/h6>\n\n\n<div class=\"wp-block-image wp-duotone-rgb01190-rgb255254254-2\">\n<figure class=\"alignleft\"><img decoding=\"async\" src=\"http:\/\/www.cecastellon.es\/images\/rrhh2.jpg\" alt=\"\"\/><\/figure><\/div>\n\n\n<p>Minimiza los riesgos en la toma de decisiones de la incorporaci\u00f3n. Evaluaci\u00f3n completa.<\/p>\n\n\n\n<h6 class=\"wp-block-heading has-green-color has-text-color has-link-color wp-elements-fa05de2f2dce189e5ae3e020e59cac2f\">Head hunting<\/h6>\n\n\n<div class=\"wp-block-image wp-duotone-rgb01190-rgb254254254-3\">\n<figure class=\"alignleft\"><img decoding=\"async\" src=\"http:\/\/www.cecastellon.es\/images\/rrhh3.jpg\" alt=\"\"\/><\/figure><\/div>\n\n\n<p>B\u00fasqueda directa de mandos intermedios, directivos y perfiles muy especializados.<\/p>\n\n\n\n<h6 class=\"wp-block-heading has-green-color has-text-color has-link-color wp-elements-0ce0e92a23890e6e31bc0e9e89afd6ca\">Assessment center<\/h6>\n\n\n<div class=\"wp-block-image wp-duotone-rgb01190-rgb255255255-4\">\n<figure class=\"alignleft\"><img decoding=\"async\" src=\"http:\/\/www.cecastellon.es\/images\/rrhh4.jpg\" alt=\"\"\/><\/figure><\/div>\n\n\n<p>Nuevo servicio de evaluaci\u00f3n de personal para la identificaci\u00f3n, desarrollo y promoci\u00f3n del personal.<\/p>\n<\/div>\n\n\n\n<div class=\"wp-block-column is-layout-flow wp-block-column-is-layout-flow\">\n<ul class=\"wp-block-list\">\n<li>Presupuesto en 24 horas.<\/li>\n\n\n\n<li>M\u00ednimos costes iniciales (<strong>selecci\u00f3n a \u00e9xito<\/strong>&nbsp;de los candidatos incorporados).<\/li>\n\n\n\n<li>30 d\u00edas como&nbsp;plazo m\u00e1ximo de presentaci\u00f3n de candidatos.<\/li>\n\n\n\n<li>Comunicaci\u00f3n directa con tu consultor.<\/li>\n\n\n\n<li>55 fuentes de reclutamiento a disposici\u00f3n del cliente.<\/li>\n\n\n\n<li>Herramientas y test de evaluaci\u00f3n contrastados.<\/li>\n\n\n\n<li>Base de datos propia actualizada y unificada.<\/li>\n\n\n\n<li>Gesti\u00f3n absolutamente confidencial.<\/li>\n\n\n\n<li>Periodo de garant\u00eda. Reposici\u00f3n gratuita de candidatos (para selecci\u00f3n y headhunting).<\/li>\n<\/ul>\n<\/div>\n<\/div>\n","protected":false},"excerpt":{"rendered":"<p>Divisi\u00f3n de atracci\u00f3n de talento Conf\u00eda en la&nbsp;divisi\u00f3n de atracci\u00f3n de talento&nbsp;CE Consulting Empresarial.Hacemos un perfecto matching uniendo la empresa con el talento adecuado. \u00bfTienes dificultades para encontrar determinados perfiles para tu organizaci\u00f3n?\u00bfPersonas incorporadas a la plantilla no han cubierto las expectativas?\u00bfInviertes un tiempo muy preciado para ti en buscar profesionales para la empresa?\u00bfNecesitas m\u00e1s &hellip; <a href=\"https:\/\/ceconsultingbenalmadena.es\/?page_id=907\" class=\"more-link\">Seguir leyendo <span class=\"screen-reader-text\">RRHH Integrales<\/span> <span class=\"meta-nav\">&rarr;<\/span><\/a><\/p>\n","protected":false},"author":1,"featured_media":0,"parent":0,"menu_order":0,"comment_status":"closed","ping_status":"closed","template":"","meta":{"footnotes":""},"class_list":["post-907","page","type-page","status-publish","hentry"],"_links":{"self":[{"href":"https:\/\/ceconsultingbenalmadena.es\/index.php?rest_route=\/wp\/v2\/pages\/907","targetHints":{"allow":["GET"]}}],"collection":[{"href":"https:\/\/ceconsultingbenalmadena.es\/index.php?rest_route=\/wp\/v2\/pages"}],"about":[{"href":"https:\/\/ceconsultingbenalmadena.es\/index.php?rest_route=\/wp\/v2\/types\/page"}],"author":[{"embeddable":true,"href":"https:\/\/ceconsultingbenalmadena.es\/index.php?rest_route=\/wp\/v2\/users\/1"}],"replies":[{"embeddable":true,"href":"https:\/\/ceconsultingbenalmadena.es\/index.php?rest_route=%2Fwp%2Fv2%2Fcomments&post=907"}],"version-history":[{"count":2,"href":"https:\/\/ceconsultingbenalmadena.es\/index.php?rest_route=\/wp\/v2\/pages\/907\/revisions"}],"predecessor-version":[{"id":910,"href":"https:\/\/ceconsultingbenalmadena.es\/index.php?rest_route=\/wp\/v2\/pages\/907\/revisions\/910"}],"wp:attachment":[{"href":"https:\/\/ceconsultingbenalmadena.es\/index.php?rest_route=%2Fwp%2Fv2%2Fmedia&parent=907"}],"curies":[{"name":"wp","href":"https:\/\/api.w.org\/{rel}","templated":true}]}}