{"id":912,"date":"2024-12-14T13:48:40","date_gmt":"2024-12-14T12:48:40","guid":{"rendered":"https:\/\/ceconsultingbenalmadena.es\/?page_id=912"},"modified":"2024-12-14T13:48:41","modified_gmt":"2024-12-14T12:48:41","slug":"marketing-online-y-diseno","status":"publish","type":"page","link":"https:\/\/ceconsultingbenalmadena.es\/?page_id=912","title":{"rendered":"MARKETING ONLINE Y DISE\u00d1O"},"content":{"rendered":"<div class=\"wp-block-image wp-duotone-rgb01190-rgb255255255-1\">\n<figure class=\"alignleft size-full\"><a href=\"http:\/\/ceconsultingbenalmadena.es\/wp-content\/uploads\/2024\/10\/marketing.png\"><img loading=\"lazy\" decoding=\"async\" width=\"120\" height=\"120\" src=\"http:\/\/ceconsultingbenalmadena.es\/wp-content\/uploads\/2024\/10\/marketing.png\" alt=\"\" class=\"wp-image-732\"\/><\/a><\/figure><\/div>\n\n\n<p>Agencia Creativa CE Consulting nace a partir&nbsp;del crecimiento del departamento de marketing del grupo CE Consulting Empresarial debido a la demanda por parte&nbsp;de cada vez m\u00e1s empresas de&nbsp;<strong>servicios de marketing online, dise\u00f1o gr\u00e1fico y web, posicionamiento&nbsp;en internet<\/strong>, email marketing, etc. para&nbsp;<strong>mejorar su visibilidad y aumentar sus ventas.<\/strong><\/p>\n\n\n\n<p>Y claro, dentro de nuestro modelo de asesor\u00eda integral, no pod\u00edamos hacer o\u00eddos sordos\u2026 y nos lanzamos.&nbsp;<strong>M\u00e1s de 26 a\u00f1os de vida, 15.000 clientes y 500 profesionales<\/strong>&nbsp;despu\u00e9s, \u00a1lo hicimos! (M\u00e1s vale tarde que nunca).<\/p>\n\n\n\n<p>Vale, pero&#8230;\u00bfen qu\u00e9 pod\u00e9is ayudarme?<\/p>\n\n\n\n<p>En&nbsp;<strong>incrementar la visibilidad y hacer comercialmente atractiva tu empresa&nbsp;<\/strong>a trav\u00e9s del&nbsp;<strong>marketing online<\/strong>, el&nbsp;<strong>dise\u00f1o gr\u00e1fico, haciendo tu web m\u00e1s comercial e interactiva<\/strong>, el&nbsp;<strong>posicionamiento<\/strong>&nbsp;SEO o SEM, el copywriting (\u00a1una buena redacci\u00f3n publicitaria y comercial es b\u00e1sica!),&nbsp;<strong>redes sociales<\/strong>,&nbsp;<strong>publicidad audiovisual<\/strong>&nbsp;y la&nbsp;<strong>estrategia para coordinar todo<\/strong>. Ah, y si quieres&nbsp;<strong>creatividad<\/strong>, \u00a1tenemos para dar y regalar!<\/p>\n\n\n\n<h4 class=\"wp-block-heading has-green-color has-text-color has-link-color wp-elements-4850de96f2df18fdde39a3ef68324023\">Te ayudamos a vender m\u00e1s y vigilamos a la competencia<\/h4>\n\n\n<div class=\"wp-block-image wp-duotone-rgb01190-rgba2552552550-2\">\n<figure class=\"alignleft size-full\"><a href=\"https:\/\/ceconsultingbenalmadena.es\/wp-content\/uploads\/2024\/12\/image-1.png\"><img loading=\"lazy\" decoding=\"async\" width=\"73\" height=\"73\" src=\"https:\/\/ceconsultingbenalmadena.es\/wp-content\/uploads\/2024\/12\/image-1.png\" alt=\"\" class=\"wp-image-913\"\/><\/a><\/figure><\/div>\n\n\n<p>\u00bfQuieres nuevos clientes? No s\u00f3lo hay que ser bueno, sino tambi\u00e9n parecerlo. Puedes ser genial en lo tuyo, pero si un cliente no te puede encontrar\u2026\u00a0<strong>Te ayudamos a ser comercialmente atractivo y a generar tr\u00e1fico de calidad a tu web.\u00a0<\/strong>Nos basamos en datos, no en suposiciones. Estudiamos\u00a0lo que tu potencial cliente busca en Internet y hacemos\u00a0<strong>que te encuentren antes que a la competencia.<\/strong>\u00a0Es\u00a0una parte fundamental del negocio \u00bfno crees?<\/p>\n\n\n\n<h4 class=\"wp-block-heading has-green-color has-text-color has-link-color wp-elements-3c6bb03ff523a7e0b2a30703377adf65\">Mejoramos tu imagen y generamos valor para ti<\/h4>\n\n\n<div class=\"wp-block-image wp-duotone-rgb01190-rgba2552552550-3\">\n<figure class=\"alignleft size-full\"><a href=\"https:\/\/ceconsultingbenalmadena.es\/wp-content\/uploads\/2024\/12\/image-2.png\"><img loading=\"lazy\" decoding=\"async\" width=\"73\" height=\"72\" src=\"https:\/\/ceconsultingbenalmadena.es\/wp-content\/uploads\/2024\/12\/image-2.png\" alt=\"\" class=\"wp-image-914\"\/><\/a><\/figure><\/div>\n\n\n<p>T\u00fa conoces tu marca muy bien y lo que significa para ti. T\u00fa conoces tu \u201cmisi\u00f3n, visi\u00f3n y valores\u201d como no puede ser de otra manera. Pero, \u00bf<strong>el resto de los mortales tiene la misma idea sobre tu empresa y tus servicios<\/strong>? \u00bfTu web y la forma en la que te comunicas con tus clientes la transmite? \u00bfO m\u00e1s bien todo lo contrario?\u00a0<strong>Te ayudamos a plasmar (o encontrar) tu propia identidad para ser realmente recordable y no dejar indiferente.<\/strong><\/p>\n\n\n\n<h4 class=\"wp-block-heading has-green-color has-text-color has-link-color wp-elements-b2c189cb54611dfb6af2f877040ba854\">Estrategias de marketing online<\/h4>\n\n\n<div class=\"wp-block-image wp-duotone-rgb01200-rgb255255255-4\">\n<figure class=\"alignleft size-full\"><a href=\"https:\/\/ceconsultingbenalmadena.es\/wp-content\/uploads\/2024\/12\/image-3.png\"><img loading=\"lazy\" decoding=\"async\" width=\"80\" height=\"76\" src=\"https:\/\/ceconsultingbenalmadena.es\/wp-content\/uploads\/2024\/12\/image-3.png\" alt=\"\" class=\"wp-image-915\"\/><\/a><\/figure><\/div>\n\n\n<p><strong>Creamos o auditamos tu estrategia integral online<\/strong>. Podemos medir todo en internet,\u00a0por lo que podemos saber\u00a0<strong>lo que funciona y lo que no<\/strong>.\u00a0<strong>Posicionamos tu web<\/strong>, creamos contenidos en blogs, somos expertos en\u00a0email marketing para captar y fidelizar, gestionamos tu publicidad en internet. Pero antes de ello, te haremos\u00a0<strong>consultor\u00eda<\/strong>\u00a0comercial web para\u00a0confirmar que un usuario puede encontrarte lo m\u00e1s f\u00e1cilmente posible.<\/p>\n\n\n\n<h4 class=\"wp-block-heading has-green-color has-text-color has-link-color wp-elements-386c7f1d66d2b9b3910065e8add5bdbd\">Dise\u00f1o web (con visi\u00f3n comercial)<\/h4>\n\n\n<div class=\"wp-block-image wp-duotone-rgb01190-rgb255255255-5\">\n<figure class=\"alignleft size-full\"><a href=\"https:\/\/ceconsultingbenalmadena.es\/wp-content\/uploads\/2024\/12\/image-4.png\"><img loading=\"lazy\" decoding=\"async\" width=\"80\" height=\"76\" src=\"https:\/\/ceconsultingbenalmadena.es\/wp-content\/uploads\/2024\/12\/image-4.png\" alt=\"\" class=\"wp-image-916\"\/><\/a><\/figure><\/div>\n\n\n<p>Tu web no es s\u00f3lo un escaparate como muchos dicen. Es el\u00a0sitio donde atacar y\u00a0<strong>captar a un cliente<\/strong>. Aunque somos\u00a0<strong>expertos en dise\u00f1o, estructura y redacci\u00f3n publicitaria<\/strong>\u00a0de p\u00e1ginas web de\u00a0gran usabilidad y estilo, podemos hacer\u00a0tambi\u00e9n de tu web una\u00a0<strong>herramienta comercial<\/strong>\u00a0autogestionable que interaccione con los usuarios\u2026 \u00a1y siempre adapt\u00e1ndonos a lo que necesitas!<\/p>\n\n\n\n<h4 class=\"wp-block-heading has-green-color has-text-color has-link-color wp-elements-cc370eed9be2afcdce78680a6984b352\">Branding, dise\u00f1o gr\u00e1fico y maquetaci\u00f3n<\/h4>\n\n\n<div class=\"wp-block-image wp-duotone-rgb01190-rgb255255255-6\">\n<figure class=\"alignleft size-full\"><a href=\"https:\/\/ceconsultingbenalmadena.es\/wp-content\/uploads\/2024\/12\/image-5.png\"><img loading=\"lazy\" decoding=\"async\" width=\"81\" height=\"76\" src=\"https:\/\/ceconsultingbenalmadena.es\/wp-content\/uploads\/2024\/12\/image-5.png\" alt=\"\" class=\"wp-image-917\"\/><\/a><\/figure><\/div>\n\n\n<p><strong>Creamos o redise\u00f1amos tu marca<\/strong>\u00a0de principio a fin, desde el logotipo hasta todas sus aplicaciones y formatos. Tambi\u00e9n\u00a0<strong>maquetamos<\/strong>\u00a0tus folletos y\u00a0<strong>comerciales<\/strong>\u00a0tanto off como online. T\u00fa pide, que menos un traje de noche, te dise\u00f1amos lo que necesites. (Ah, gracias a nuestro departamento\u00a0jur\u00eddico, \u00a1podemos hasta gestionar la parte legal!).<\/p>\n\n\n\n<h4 class=\"wp-block-heading has-green-color has-text-color has-link-color wp-elements-449bd1220135bdf9836ade4dbde12958\">Social media y Community manager<\/h4>\n\n\n<div class=\"wp-block-image wp-duotone-rgb01190-rgb255255255-7\">\n<figure class=\"alignleft size-full\"><a href=\"https:\/\/ceconsultingbenalmadena.es\/wp-content\/uploads\/2024\/12\/image-6.png\"><img loading=\"lazy\" decoding=\"async\" width=\"75\" height=\"74\" src=\"https:\/\/ceconsultingbenalmadena.es\/wp-content\/uploads\/2024\/12\/image-6.png\" alt=\"\" class=\"wp-image-918\"\/><\/a><\/figure><\/div>\n\n\n<p>A nivel de comunicaci\u00f3n, ahora las empresas se\u00a0muestran\u00a0dialogantes y cercanas. Te asesoramos y te ayudamos a potenciar tu\u00a0reputaci\u00f3n y\u00a0presencia online para mejorar\u00a0la relevancia e imagen de tu empresa a trav\u00e9s de las redes sociales. Trabajamos para seducir a tu target de cliente y para fidelizar y mejorar la comunicaci\u00f3n con clientes.<\/p>\n\n\n\n<h4 class=\"wp-block-heading has-green-color has-text-color has-link-color wp-elements-724235abdddee5f77735406df41d875c\">V\u00eddeos publicitarios y corporativos<\/h4>\n\n\n<div class=\"wp-block-image wp-duotone-rgb01190-rgb255255255-8\">\n<figure class=\"alignleft size-full\"><a href=\"https:\/\/ceconsultingbenalmadena.es\/wp-content\/uploads\/2024\/12\/image-7.png\"><img loading=\"lazy\" decoding=\"async\" width=\"79\" height=\"74\" src=\"https:\/\/ceconsultingbenalmadena.es\/wp-content\/uploads\/2024\/12\/image-7.png\" alt=\"\" class=\"wp-image-919\"\/><\/a><\/figure><\/div>\n\n\n<p>Eres bueno, y lo sabes. Peeeero\u2026 \u00bflo sabe quien lo tiene que saber? Con un\u00a0v\u00eddeo puedes captar la atenci\u00f3n y comunicar tus mensajes con mucha facilidad y eficiencia. Preparamos tu idea de principio a fin: desde el concepto, pasando por la redacci\u00f3n del mensaje y su gui\u00f3n, hasta la producci\u00f3n final en la que quedas encantado.<\/p>\n\n\n\n<h4 class=\"wp-block-heading has-green-color has-text-color has-link-color wp-elements-c625d3518fe5bed6627b1f4ee290d066\">Copywriting(redacci\u00f3n publicitaria)<\/h4>\n\n\n<div class=\"wp-block-image wp-duotone-rgb01190-rgb255255255-9\">\n<figure class=\"alignleft size-full\"><a href=\"https:\/\/ceconsultingbenalmadena.es\/wp-content\/uploads\/2024\/12\/image-8.png\"><img loading=\"lazy\" decoding=\"async\" width=\"79\" height=\"74\" src=\"https:\/\/ceconsultingbenalmadena.es\/wp-content\/uploads\/2024\/12\/image-8.png\" alt=\"\" class=\"wp-image-920\"\/><\/a><\/figure><\/div>\n\n\n<p>La forma de escribir dice mucho (much\u00edsimo) sobre tu negocio y es la primera impresi\u00f3n que das a quien te lee.\u00a0<strong>Las palabras adecuadas<\/strong>, su orden y el buen uso visual de ellas\u00a0<strong>pueden ser claves a la hora de seguir navegando por tu web<\/strong>, leyendo tu dossier comercial\u00a0<strong>o compartir las entradas de tu\u00a0blog<\/strong>\u00a0(aunque no lo creas, esto est\u00e1 m\u00e1s que demostrado).<\/p>\n\n\n\n<p><\/p>\n","protected":false},"excerpt":{"rendered":"<p>Agencia Creativa CE Consulting nace a partir&nbsp;del crecimiento del departamento de marketing del grupo CE Consulting Empresarial debido a la demanda por parte&nbsp;de cada vez m\u00e1s empresas de&nbsp;servicios de marketing online, dise\u00f1o gr\u00e1fico y web, posicionamiento&nbsp;en internet, email marketing, etc. para&nbsp;mejorar su visibilidad y aumentar sus ventas. Y claro, dentro de nuestro modelo de asesor\u00eda &hellip; <a href=\"https:\/\/ceconsultingbenalmadena.es\/?page_id=912\" class=\"more-link\">Seguir leyendo <span class=\"screen-reader-text\">MARKETING ONLINE Y DISE\u00d1O<\/span> <span class=\"meta-nav\">&rarr;<\/span><\/a><\/p>\n","protected":false},"author":1,"featured_media":0,"parent":0,"menu_order":0,"comment_status":"closed","ping_status":"closed","template":"","meta":{"footnotes":""},"class_list":["post-912","page","type-page","status-publish","hentry"],"_links":{"self":[{"href":"https:\/\/ceconsultingbenalmadena.es\/index.php?rest_route=\/wp\/v2\/pages\/912","targetHints":{"allow":["GET"]}}],"collection":[{"href":"https:\/\/ceconsultingbenalmadena.es\/index.php?rest_route=\/wp\/v2\/pages"}],"about":[{"href":"https:\/\/ceconsultingbenalmadena.es\/index.php?rest_route=\/wp\/v2\/types\/page"}],"author":[{"embeddable":true,"href":"https:\/\/ceconsultingbenalmadena.es\/index.php?rest_route=\/wp\/v2\/users\/1"}],"replies":[{"embeddable":true,"href":"https:\/\/ceconsultingbenalmadena.es\/index.php?rest_route=%2Fwp%2Fv2%2Fcomments&post=912"}],"version-history":[{"count":1,"href":"https:\/\/ceconsultingbenalmadena.es\/index.php?rest_route=\/wp\/v2\/pages\/912\/revisions"}],"predecessor-version":[{"id":921,"href":"https:\/\/ceconsultingbenalmadena.es\/index.php?rest_route=\/wp\/v2\/pages\/912\/revisions\/921"}],"wp:attachment":[{"href":"https:\/\/ceconsultingbenalmadena.es\/index.php?rest_route=%2Fwp%2Fv2%2Fmedia&parent=912"}],"curies":[{"name":"wp","href":"https:\/\/api.w.org\/{rel}","templated":true}]}}